{"id":872,"date":"2025-08-19T14:42:09","date_gmt":"2025-08-19T12:42:09","guid":{"rendered":"https:\/\/umc74.com\/?page_id=872"},"modified":"2026-03-26T17:07:46","modified_gmt":"2026-03-26T16:07:46","slug":"la-melodie-du-bonheur-2025-2026","status":"publish","type":"page","link":"https:\/\/umc74.com\/index.php\/projets\/la-melodie-du-bonheur-2025-2026\/","title":{"rendered":"La m\u00e9lodie du bonheur &#8211; 2025\/2026"},"content":{"rendered":"\n<p>\u25b6 <strong>LES BILLETS SONT EN VENTE SUR LE SITE HELLO ASSO : <a href=\"https:\/\/www.helloasso.com\/associations\/les-secoues-du-vocal\">https:\/\/www.helloasso.com\/associations\/les-secoues-du-vocal<\/a><\/strong><\/p>\n\n\n\n<p><\/p>\n\n\n\n<p>Pour cette saison 2025-2026, le projet est la com\u00e9die musicale &#8220;La m\u00e9lodie du bonheur&#8221; (The Sound of Music), avec l&#8217;association <a href=\"https:\/\/secouesduvocal.fr\/\" data-type=\"link\" data-id=\"https:\/\/secouesduvocal.fr\/\" target=\"_blank\" rel=\"noreferrer noopener\">Les Secou\u00e9s du Vocal<\/a>.<\/p>\n\n\n\n<p>&nbsp;&#8220;<em>La M\u00e9lodie du Bonheur<\/em>&#8220;<em> (The Sound of Music) est une com\u00e9die musicale embl\u00e9matique cr\u00e9\u00e9e par Richard Rodgers et Oscar Hammerstein II, bas\u00e9e sur les m\u00e9moires de Maria von Trapp. L\u2019histoire se d\u00e9roule en Autriche dans les ann\u00e9es 1930 et suit les aventures de Maria, une jeune nonne en formation, qui est envoy\u00e9e comme gouvernante dans la maison du capitaine Georg von Trapp, un veuf s\u00e9v\u00e8re et distant, p\u00e8re de sept enfants<\/em><\/p>\n\n\n\n<p><strong>\u27a1\ufe0f<\/strong>Une cagnotte participative est ouverte pour soutenir le projet :<\/p>\n\n\n\n<p>&#8211; <a href=\"https:\/\/secouesduvocal.fr\/cagnotte-participative-la-melodie-du-bonheur\/\" target=\"_blank\" rel=\"noreferrer noopener\">https:\/\/secouesduvocal.fr\/cagnotte-participative-la-melodie-du-bonheur\/<\/a> <\/p>\n\n\n\n<p>&#8211; <a href=\"https:\/\/www.helloasso.com\/associations\/les-secoues-du-vocal\/collectes\/la-melodie-du-bonheur\" target=\"_blank\" rel=\"noreferrer noopener\">https:\/\/www.helloasso.com\/associations\/les-secoues-du-vocal\/collectes\/la-melodie-du-bonheur<\/a><\/p>\n\n\n\n<p><strong>\u27a1\ufe0f<\/strong>Les b\u00e9n\u00e9fices des spectacles sont revers\u00e9s \u00e0 des associations : <a href=\"https:\/\/fondationkunz.fr\/\" data-type=\"link\" data-id=\"https:\/\/fondationkunz.fr\/\" target=\"_blank\" rel=\"noreferrer noopener\">la Fondation Kunz<\/a>, <a href=\"https:\/\/www.achacunsoneverest.com\/\" data-type=\"link\" data-id=\"https:\/\/www.achacunsoneverest.com\/\" target=\"_blank\" rel=\"noreferrer noopener\">A chacun son Everest<\/a>, <a href=\"https:\/\/chezdaddy.fr\/chez-daddy-thones\/\" data-type=\"link\" data-id=\"https:\/\/chezdaddy.fr\/chez-daddy-thones\/\" target=\"_blank\" rel=\"noreferrer noopener\">Chez Daddy<\/a>, <a href=\"https:\/\/www.arsla.org\/\" data-type=\"link\" data-id=\"https:\/\/www.arsla.org\/\">ARSLA<\/a><\/p>\n\n\n\n<figure class=\"wp-block-image size-full\"><img loading=\"lazy\" decoding=\"async\" width=\"832\" height=\"1178\" src=\"https:\/\/umc74.com\/wp-content\/uploads\/2025\/09\/2025-la-melodie-du-bonheur.jpg\" alt=\"\" class=\"wp-image-988\" srcset=\"https:\/\/umc74.com\/wp-content\/uploads\/2025\/09\/2025-la-melodie-du-bonheur.jpg 832w, https:\/\/umc74.com\/wp-content\/uploads\/2025\/09\/2025-la-melodie-du-bonheur-212x300.jpg 212w, https:\/\/umc74.com\/wp-content\/uploads\/2025\/09\/2025-la-melodie-du-bonheur-723x1024.jpg 723w, https:\/\/umc74.com\/wp-content\/uploads\/2025\/09\/2025-la-melodie-du-bonheur-768x1087.jpg 768w\" sizes=\"auto, (max-width: 832px) 100vw, 832px\" \/><\/figure>\n\n\n\n<p><strong>\u27a1\ufe0fDates des repr\u00e9sentations :<\/strong><\/p>\n\n\n\n<p>14 d\u00e9cembre 2025 : \u00e0 Samo\u00ebns<\/p>\n\n\n\n<p>17 et 18 janvier 2026 : \u00e0 Annecy<\/p>\n\n\n\n<p>7 et 8 mars 2026 : \u00e0 Th\u00f4nes<\/p>\n\n\n\n<p>23 mai 2026 : Alby-sur-Ch\u00e9ran<\/p>\n\n\n\n<p><strong>\u27a1\ufe0fRetours en images sur le spectacle<\/strong><\/p>\n\n\n\n<p><\/p>\n\n\n\n<figure class=\"wp-block-gallery alignwide has-nested-images columns-default is-cropped wp-block-gallery-1 is-layout-flex wp-block-gallery-is-layout-flex\">\n<figure class=\"wp-block-image size-large\"><img loading=\"lazy\" decoding=\"async\" width=\"1024\" height=\"683\" data-id=\"1130\" src=\"https:\/\/umc74.com\/wp-content\/uploads\/2026\/03\/7G8A3439-1024x683.jpg\" alt=\"\" class=\"wp-image-1130\" srcset=\"https:\/\/umc74.com\/wp-content\/uploads\/2026\/03\/7G8A3439-1024x683.jpg 1024w, https:\/\/umc74.com\/wp-content\/uploads\/2026\/03\/7G8A3439-300x200.jpg 300w, https:\/\/umc74.com\/wp-content\/uploads\/2026\/03\/7G8A3439-768x512.jpg 768w, https:\/\/umc74.com\/wp-content\/uploads\/2026\/03\/7G8A3439-1536x1025.jpg 1536w, https:\/\/umc74.com\/wp-content\/uploads\/2026\/03\/7G8A3439.jpg 2048w\" sizes=\"auto, (max-width: 1024px) 100vw, 1024px\" \/><\/figure>\n\n\n\n<figure class=\"wp-block-image size-large\"><img loading=\"lazy\" decoding=\"async\" width=\"1024\" height=\"683\" data-id=\"1131\" src=\"https:\/\/umc74.com\/wp-content\/uploads\/2026\/03\/La-melodie-du-bonheur_Credit-Lucile-Fonseca-1-1024x683.jpg\" alt=\"\" class=\"wp-image-1131\" srcset=\"https:\/\/umc74.com\/wp-content\/uploads\/2026\/03\/La-melodie-du-bonheur_Credit-Lucile-Fonseca-1-1024x683.jpg 1024w, https:\/\/umc74.com\/wp-content\/uploads\/2026\/03\/La-melodie-du-bonheur_Credit-Lucile-Fonseca-1-300x200.jpg 300w, https:\/\/umc74.com\/wp-content\/uploads\/2026\/03\/La-melodie-du-bonheur_Credit-Lucile-Fonseca-1-768x512.jpg 768w, https:\/\/umc74.com\/wp-content\/uploads\/2026\/03\/La-melodie-du-bonheur_Credit-Lucile-Fonseca-1-1536x1025.jpg 1536w, https:\/\/umc74.com\/wp-content\/uploads\/2026\/03\/La-melodie-du-bonheur_Credit-Lucile-Fonseca-1.jpg 2048w\" sizes=\"auto, (max-width: 1024px) 100vw, 1024px\" \/><\/figure>\n\n\n\n<figure class=\"wp-block-image size-large\"><img loading=\"lazy\" decoding=\"async\" width=\"1024\" height=\"683\" data-id=\"1132\" src=\"https:\/\/umc74.com\/wp-content\/uploads\/2026\/03\/La-melodie-du-bonheur_Credit-Lucile-Fonseca-23-1024x683.jpg\" alt=\"\" class=\"wp-image-1132\" srcset=\"https:\/\/umc74.com\/wp-content\/uploads\/2026\/03\/La-melodie-du-bonheur_Credit-Lucile-Fonseca-23-1024x683.jpg 1024w, https:\/\/umc74.com\/wp-content\/uploads\/2026\/03\/La-melodie-du-bonheur_Credit-Lucile-Fonseca-23-300x200.jpg 300w, https:\/\/umc74.com\/wp-content\/uploads\/2026\/03\/La-melodie-du-bonheur_Credit-Lucile-Fonseca-23-768x512.jpg 768w, https:\/\/umc74.com\/wp-content\/uploads\/2026\/03\/La-melodie-du-bonheur_Credit-Lucile-Fonseca-23-1536x1025.jpg 1536w, https:\/\/umc74.com\/wp-content\/uploads\/2026\/03\/La-melodie-du-bonheur_Credit-Lucile-Fonseca-23.jpg 2048w\" sizes=\"auto, (max-width: 1024px) 100vw, 1024px\" \/><\/figure>\n\n\n\n<figure class=\"wp-block-image size-large\"><img loading=\"lazy\" decoding=\"async\" width=\"1024\" height=\"683\" data-id=\"1133\" src=\"https:\/\/umc74.com\/wp-content\/uploads\/2026\/03\/La-melodie-du-bonheur_Credit-Lucile-Fonseca-24-1024x683.jpg\" alt=\"\" class=\"wp-image-1133\" srcset=\"https:\/\/umc74.com\/wp-content\/uploads\/2026\/03\/La-melodie-du-bonheur_Credit-Lucile-Fonseca-24-1024x683.jpg 1024w, https:\/\/umc74.com\/wp-content\/uploads\/2026\/03\/La-melodie-du-bonheur_Credit-Lucile-Fonseca-24-300x200.jpg 300w, https:\/\/umc74.com\/wp-content\/uploads\/2026\/03\/La-melodie-du-bonheur_Credit-Lucile-Fonseca-24-768x512.jpg 768w, https:\/\/umc74.com\/wp-content\/uploads\/2026\/03\/La-melodie-du-bonheur_Credit-Lucile-Fonseca-24-1536x1025.jpg 1536w, https:\/\/umc74.com\/wp-content\/uploads\/2026\/03\/La-melodie-du-bonheur_Credit-Lucile-Fonseca-24.jpg 2048w\" sizes=\"auto, (max-width: 1024px) 100vw, 1024px\" \/><\/figure>\n\n\n\n<figure class=\"wp-block-image size-large\"><img loading=\"lazy\" decoding=\"async\" width=\"1024\" height=\"683\" data-id=\"1134\" src=\"https:\/\/umc74.com\/wp-content\/uploads\/2026\/03\/La-melodie-du-bonheur_Credit-Lucile-Fonseca-30-1024x683.jpg\" alt=\"\" class=\"wp-image-1134\" srcset=\"https:\/\/umc74.com\/wp-content\/uploads\/2026\/03\/La-melodie-du-bonheur_Credit-Lucile-Fonseca-30-1024x683.jpg 1024w, https:\/\/umc74.com\/wp-content\/uploads\/2026\/03\/La-melodie-du-bonheur_Credit-Lucile-Fonseca-30-300x200.jpg 300w, https:\/\/umc74.com\/wp-content\/uploads\/2026\/03\/La-melodie-du-bonheur_Credit-Lucile-Fonseca-30-768x512.jpg 768w, https:\/\/umc74.com\/wp-content\/uploads\/2026\/03\/La-melodie-du-bonheur_Credit-Lucile-Fonseca-30-1536x1025.jpg 1536w, https:\/\/umc74.com\/wp-content\/uploads\/2026\/03\/La-melodie-du-bonheur_Credit-Lucile-Fonseca-30.jpg 2048w\" sizes=\"auto, (max-width: 1024px) 100vw, 1024px\" \/><\/figure>\n\n\n\n<figure class=\"wp-block-image size-large\"><img loading=\"lazy\" decoding=\"async\" width=\"1024\" height=\"683\" data-id=\"1135\" src=\"https:\/\/umc74.com\/wp-content\/uploads\/2026\/03\/La-melodie-du-bonheur_Credit-Lucile-Fonseca-33-1024x683.jpg\" alt=\"\" class=\"wp-image-1135\" srcset=\"https:\/\/umc74.com\/wp-content\/uploads\/2026\/03\/La-melodie-du-bonheur_Credit-Lucile-Fonseca-33-1024x683.jpg 1024w, https:\/\/umc74.com\/wp-content\/uploads\/2026\/03\/La-melodie-du-bonheur_Credit-Lucile-Fonseca-33-300x200.jpg 300w, https:\/\/umc74.com\/wp-content\/uploads\/2026\/03\/La-melodie-du-bonheur_Credit-Lucile-Fonseca-33-768x512.jpg 768w, https:\/\/umc74.com\/wp-content\/uploads\/2026\/03\/La-melodie-du-bonheur_Credit-Lucile-Fonseca-33-1536x1025.jpg 1536w, https:\/\/umc74.com\/wp-content\/uploads\/2026\/03\/La-melodie-du-bonheur_Credit-Lucile-Fonseca-33.jpg 2048w\" sizes=\"auto, (max-width: 1024px) 100vw, 1024px\" \/><\/figure>\n\n\n\n<figure class=\"wp-block-image size-large\"><img loading=\"lazy\" decoding=\"async\" width=\"1024\" height=\"683\" data-id=\"1136\" src=\"https:\/\/umc74.com\/wp-content\/uploads\/2026\/03\/La-melodie-du-bonheur_Credit-Lucile-Fonseca-37-1024x683.jpg\" alt=\"\" class=\"wp-image-1136\" srcset=\"https:\/\/umc74.com\/wp-content\/uploads\/2026\/03\/La-melodie-du-bonheur_Credit-Lucile-Fonseca-37-1024x683.jpg 1024w, https:\/\/umc74.com\/wp-content\/uploads\/2026\/03\/La-melodie-du-bonheur_Credit-Lucile-Fonseca-37-300x200.jpg 300w, https:\/\/umc74.com\/wp-content\/uploads\/2026\/03\/La-melodie-du-bonheur_Credit-Lucile-Fonseca-37-768x512.jpg 768w, https:\/\/umc74.com\/wp-content\/uploads\/2026\/03\/La-melodie-du-bonheur_Credit-Lucile-Fonseca-37-1536x1025.jpg 1536w, https:\/\/umc74.com\/wp-content\/uploads\/2026\/03\/La-melodie-du-bonheur_Credit-Lucile-Fonseca-37.jpg 2048w\" sizes=\"auto, (max-width: 1024px) 100vw, 1024px\" \/><\/figure>\n\n\n\n<figure class=\"wp-block-image size-large\"><img loading=\"lazy\" decoding=\"async\" width=\"1024\" height=\"683\" data-id=\"1137\" src=\"https:\/\/umc74.com\/wp-content\/uploads\/2026\/03\/La-melodie-du-bonheur_Credit-Lucile-Fonseca-40-1024x683.jpg\" alt=\"\" class=\"wp-image-1137\" srcset=\"https:\/\/umc74.com\/wp-content\/uploads\/2026\/03\/La-melodie-du-bonheur_Credit-Lucile-Fonseca-40-1024x683.jpg 1024w, https:\/\/umc74.com\/wp-content\/uploads\/2026\/03\/La-melodie-du-bonheur_Credit-Lucile-Fonseca-40-300x200.jpg 300w, https:\/\/umc74.com\/wp-content\/uploads\/2026\/03\/La-melodie-du-bonheur_Credit-Lucile-Fonseca-40-768x512.jpg 768w, https:\/\/umc74.com\/wp-content\/uploads\/2026\/03\/La-melodie-du-bonheur_Credit-Lucile-Fonseca-40-1536x1025.jpg 1536w, https:\/\/umc74.com\/wp-content\/uploads\/2026\/03\/La-melodie-du-bonheur_Credit-Lucile-Fonseca-40.jpg 2048w\" sizes=\"auto, (max-width: 1024px) 100vw, 1024px\" \/><\/figure>\n\n\n\n<figure class=\"wp-block-image size-large\"><img loading=\"lazy\" decoding=\"async\" width=\"1024\" height=\"683\" data-id=\"1138\" src=\"https:\/\/umc74.com\/wp-content\/uploads\/2026\/03\/La-melodie-du-bonheur_Credit-Lucile-Fonseca-41-1024x683.jpg\" alt=\"\" class=\"wp-image-1138\" srcset=\"https:\/\/umc74.com\/wp-content\/uploads\/2026\/03\/La-melodie-du-bonheur_Credit-Lucile-Fonseca-41-1024x683.jpg 1024w, https:\/\/umc74.com\/wp-content\/uploads\/2026\/03\/La-melodie-du-bonheur_Credit-Lucile-Fonseca-41-300x200.jpg 300w, https:\/\/umc74.com\/wp-content\/uploads\/2026\/03\/La-melodie-du-bonheur_Credit-Lucile-Fonseca-41-768x512.jpg 768w, https:\/\/umc74.com\/wp-content\/uploads\/2026\/03\/La-melodie-du-bonheur_Credit-Lucile-Fonseca-41-1536x1025.jpg 1536w, https:\/\/umc74.com\/wp-content\/uploads\/2026\/03\/La-melodie-du-bonheur_Credit-Lucile-Fonseca-41.jpg 2048w\" sizes=\"auto, (max-width: 1024px) 100vw, 1024px\" \/><\/figure>\n\n\n\n<figure class=\"wp-block-image size-large\"><img loading=\"lazy\" decoding=\"async\" width=\"1024\" height=\"683\" data-id=\"1139\" src=\"https:\/\/umc74.com\/wp-content\/uploads\/2026\/03\/La-melodie-du-bonheur_Credit-Lucile-Fonseca-42-1024x683.jpg\" alt=\"\" class=\"wp-image-1139\" srcset=\"https:\/\/umc74.com\/wp-content\/uploads\/2026\/03\/La-melodie-du-bonheur_Credit-Lucile-Fonseca-42-1024x683.jpg 1024w, https:\/\/umc74.com\/wp-content\/uploads\/2026\/03\/La-melodie-du-bonheur_Credit-Lucile-Fonseca-42-300x200.jpg 300w, https:\/\/umc74.com\/wp-content\/uploads\/2026\/03\/La-melodie-du-bonheur_Credit-Lucile-Fonseca-42-768x512.jpg 768w, https:\/\/umc74.com\/wp-content\/uploads\/2026\/03\/La-melodie-du-bonheur_Credit-Lucile-Fonseca-42-1536x1025.jpg 1536w, https:\/\/umc74.com\/wp-content\/uploads\/2026\/03\/La-melodie-du-bonheur_Credit-Lucile-Fonseca-42.jpg 2048w\" sizes=\"auto, (max-width: 1024px) 100vw, 1024px\" \/><\/figure>\n\n\n\n<figure class=\"wp-block-image size-large\"><img loading=\"lazy\" decoding=\"async\" width=\"1024\" height=\"683\" data-id=\"1140\" src=\"https:\/\/umc74.com\/wp-content\/uploads\/2026\/03\/La-melodie-du-bonheur_Credit-Lucile-Fonseca-51-1024x683.jpg\" alt=\"\" class=\"wp-image-1140\" srcset=\"https:\/\/umc74.com\/wp-content\/uploads\/2026\/03\/La-melodie-du-bonheur_Credit-Lucile-Fonseca-51-1024x683.jpg 1024w, https:\/\/umc74.com\/wp-content\/uploads\/2026\/03\/La-melodie-du-bonheur_Credit-Lucile-Fonseca-51-300x200.jpg 300w, https:\/\/umc74.com\/wp-content\/uploads\/2026\/03\/La-melodie-du-bonheur_Credit-Lucile-Fonseca-51-768x512.jpg 768w, https:\/\/umc74.com\/wp-content\/uploads\/2026\/03\/La-melodie-du-bonheur_Credit-Lucile-Fonseca-51-1536x1025.jpg 1536w, https:\/\/umc74.com\/wp-content\/uploads\/2026\/03\/La-melodie-du-bonheur_Credit-Lucile-Fonseca-51.jpg 2048w\" sizes=\"auto, (max-width: 1024px) 100vw, 1024px\" \/><\/figure>\n\n\n\n<figure class=\"wp-block-image size-large\"><img loading=\"lazy\" decoding=\"async\" width=\"1024\" height=\"683\" data-id=\"1141\" src=\"https:\/\/umc74.com\/wp-content\/uploads\/2026\/03\/La-melodie-du-bonheur_Credit-Lucile-Fonseca-55-1024x683.jpg\" alt=\"\" class=\"wp-image-1141\" srcset=\"https:\/\/umc74.com\/wp-content\/uploads\/2026\/03\/La-melodie-du-bonheur_Credit-Lucile-Fonseca-55-1024x683.jpg 1024w, https:\/\/umc74.com\/wp-content\/uploads\/2026\/03\/La-melodie-du-bonheur_Credit-Lucile-Fonseca-55-300x200.jpg 300w, https:\/\/umc74.com\/wp-content\/uploads\/2026\/03\/La-melodie-du-bonheur_Credit-Lucile-Fonseca-55-768x512.jpg 768w, https:\/\/umc74.com\/wp-content\/uploads\/2026\/03\/La-melodie-du-bonheur_Credit-Lucile-Fonseca-55-1536x1025.jpg 1536w, https:\/\/umc74.com\/wp-content\/uploads\/2026\/03\/La-melodie-du-bonheur_Credit-Lucile-Fonseca-55.jpg 2048w\" sizes=\"auto, (max-width: 1024px) 100vw, 1024px\" \/><\/figure>\n\n\n\n<figure class=\"wp-block-image size-large\"><img loading=\"lazy\" decoding=\"async\" width=\"1024\" height=\"683\" data-id=\"1142\" src=\"https:\/\/umc74.com\/wp-content\/uploads\/2026\/03\/La-melodie-du-bonheur_Credit-Lucile-Fonseca-72-1024x683.jpg\" alt=\"\" class=\"wp-image-1142\" srcset=\"https:\/\/umc74.com\/wp-content\/uploads\/2026\/03\/La-melodie-du-bonheur_Credit-Lucile-Fonseca-72-1024x683.jpg 1024w, https:\/\/umc74.com\/wp-content\/uploads\/2026\/03\/La-melodie-du-bonheur_Credit-Lucile-Fonseca-72-300x200.jpg 300w, https:\/\/umc74.com\/wp-content\/uploads\/2026\/03\/La-melodie-du-bonheur_Credit-Lucile-Fonseca-72-768x512.jpg 768w, https:\/\/umc74.com\/wp-content\/uploads\/2026\/03\/La-melodie-du-bonheur_Credit-Lucile-Fonseca-72-1536x1025.jpg 1536w, https:\/\/umc74.com\/wp-content\/uploads\/2026\/03\/La-melodie-du-bonheur_Credit-Lucile-Fonseca-72.jpg 2048w\" sizes=\"auto, (max-width: 1024px) 100vw, 1024px\" \/><\/figure>\n\n\n\n<figure class=\"wp-block-image size-large\"><img loading=\"lazy\" decoding=\"async\" width=\"1024\" height=\"683\" data-id=\"1143\" src=\"https:\/\/umc74.com\/wp-content\/uploads\/2026\/03\/La-melodie-du-bonheur_Credit-Lucile-Fonseca-75-1024x683.jpg\" alt=\"\" class=\"wp-image-1143\" srcset=\"https:\/\/umc74.com\/wp-content\/uploads\/2026\/03\/La-melodie-du-bonheur_Credit-Lucile-Fonseca-75-1024x683.jpg 1024w, https:\/\/umc74.com\/wp-content\/uploads\/2026\/03\/La-melodie-du-bonheur_Credit-Lucile-Fonseca-75-300x200.jpg 300w, https:\/\/umc74.com\/wp-content\/uploads\/2026\/03\/La-melodie-du-bonheur_Credit-Lucile-Fonseca-75-768x512.jpg 768w, https:\/\/umc74.com\/wp-content\/uploads\/2026\/03\/La-melodie-du-bonheur_Credit-Lucile-Fonseca-75-1536x1025.jpg 1536w, https:\/\/umc74.com\/wp-content\/uploads\/2026\/03\/La-melodie-du-bonheur_Credit-Lucile-Fonseca-75.jpg 2048w\" sizes=\"auto, (max-width: 1024px) 100vw, 1024px\" \/><\/figure>\n<figcaption class=\"blocks-gallery-caption wp-element-caption\">Cr\u00e9dit photos : Lucile Fonseca<br>Repr\u00e9sentation \u00e0 Annecy<\/figcaption><\/figure>\n\n\n\n<p><\/p>\n\n\n\n<p><\/p>\n","protected":false},"excerpt":{"rendered":"<p>\u25b6 LES BILLETS SONT EN VENTE SUR LE SITE HELLO ASSO : https:\/\/www.helloasso.com\/associations\/les-secoues-du-vocal Pour cette saison 2025-2026, le projet est la com\u00e9die musicale &#8220;La m\u00e9lodie du bonheur&#8221; (The Sound of [&hellip;]<\/p>\n","protected":false},"author":3,"featured_media":0,"parent":137,"menu_order":0,"comment_status":"closed","ping_status":"closed","template":"","meta":{"_EventAllDay":false,"_EventTimezone":"","_EventStartDate":"","_EventEndDate":"","_EventStartDateUTC":"","_EventEndDateUTC":"","_EventShowMap":false,"_EventShowMapLink":false,"_EventURL":"","_EventCost":"","_EventCostDescription":"","_EventCurrencySymbol":"","_EventCurrencyCode":"","_EventCurrencyPosition":"","_EventDateTimeSeparator":"","_EventTimeRangeSeparator":"","_EventOrganizerID":[],"_EventVenueID":[],"_OrganizerEmail":"","_OrganizerPhone":"","_OrganizerWebsite":"","_VenueAddress":"","_VenueCity":"","_VenueCountry":"","_VenueProvince":"","_VenueState":"","_VenueZip":"","_VenuePhone":"","_VenueURL":"","_VenueStateProvince":"","_VenueLat":"","_VenueLng":"","_VenueShowMap":false,"_VenueShowMapLink":false,"footnotes":""},"class_list":["post-872","page","type-page","status-publish","hentry"],"_links":{"self":[{"href":"https:\/\/umc74.com\/index.php\/wp-json\/wp\/v2\/pages\/872","targetHints":{"allow":["GET"]}}],"collection":[{"href":"https:\/\/umc74.com\/index.php\/wp-json\/wp\/v2\/pages"}],"about":[{"href":"https:\/\/umc74.com\/index.php\/wp-json\/wp\/v2\/types\/page"}],"author":[{"embeddable":true,"href":"https:\/\/umc74.com\/index.php\/wp-json\/wp\/v2\/users\/3"}],"replies":[{"embeddable":true,"href":"https:\/\/umc74.com\/index.php\/wp-json\/wp\/v2\/comments?post=872"}],"version-history":[{"count":15,"href":"https:\/\/umc74.com\/index.php\/wp-json\/wp\/v2\/pages\/872\/revisions"}],"predecessor-version":[{"id":1148,"href":"https:\/\/umc74.com\/index.php\/wp-json\/wp\/v2\/pages\/872\/revisions\/1148"}],"up":[{"embeddable":true,"href":"https:\/\/umc74.com\/index.php\/wp-json\/wp\/v2\/pages\/137"}],"wp:attachment":[{"href":"https:\/\/umc74.com\/index.php\/wp-json\/wp\/v2\/media?parent=872"}],"curies":[{"name":"wp","href":"https:\/\/api.w.org\/{rel}","templated":true}]}}