{"id":861,"date":"2025-08-19T13:33:55","date_gmt":"2025-08-19T11:33:55","guid":{"rendered":"https:\/\/umc74.com\/?page_id=861"},"modified":"2025-10-16T16:44:34","modified_gmt":"2025-10-16T14:44:34","slug":"umc-festival-orchestra-2025","status":"publish","type":"page","link":"https:\/\/umc74.com\/index.php\/projets\/umc-festival-orchestra-2025\/","title":{"rendered":"UMC Festival Orchestra &#8211; 2025"},"content":{"rendered":"\n<p>En 2025, le projet phare a \u00e9t\u00e9 l\u2019organisation du <a href=\"https:\/\/umc74.com\/index.php\/projets\/umc-festival-orchestra-2025\/festival-des-musiques-2025\/retour-en-images\/\" data-type=\"page\" data-id=\"880\" target=\"_blank\" rel=\"noreferrer noopener\">festival des musiques du genevois<\/a>, accueillant 500 musiciens et 14 harmonies.<\/p>\n\n\n\n<p>Au sein de ce weekend musical, a \u00e9t\u00e9 int\u00e9gr\u00e9 le samedi, le <a href=\"https:\/\/umc74.com\/index.php\/projets\/umc-festival-orchestra-2025\/village-musical\/retour-en-images\/\" data-type=\"page\" data-id=\"903\" target=\"_blank\" rel=\"noreferrer noopener\">Village musical<\/a> avec des <a href=\"https:\/\/umc74.com\/index.php\/projets\/umc-festival-orchestra-2025\/village-musical\/\" data-type=\"page\" data-id=\"476\" target=\"_blank\" rel=\"noreferrer noopener\">ateliers et animations sp\u00e9cifiques<\/a>.<\/p>\n\n\n\n<figure class=\"wp-block-image size-large\"><img loading=\"lazy\" decoding=\"async\" width=\"725\" height=\"1024\" src=\"https:\/\/umc74.com\/wp-content\/uploads\/2025\/03\/WhatsApp-Image-2025-03-06-at-18.36.05-725x1024.jpeg\" alt=\"\" class=\"wp-image-680\" srcset=\"https:\/\/umc74.com\/wp-content\/uploads\/2025\/03\/WhatsApp-Image-2025-03-06-at-18.36.05-725x1024.jpeg 725w, https:\/\/umc74.com\/wp-content\/uploads\/2025\/03\/WhatsApp-Image-2025-03-06-at-18.36.05-212x300.jpeg 212w, https:\/\/umc74.com\/wp-content\/uploads\/2025\/03\/WhatsApp-Image-2025-03-06-at-18.36.05-768x1085.jpeg 768w, https:\/\/umc74.com\/wp-content\/uploads\/2025\/03\/WhatsApp-Image-2025-03-06-at-18.36.05-1088x1536.jpeg 1088w, https:\/\/umc74.com\/wp-content\/uploads\/2025\/03\/WhatsApp-Image-2025-03-06-at-18.36.05.jpeg 1133w\" sizes=\"auto, (max-width: 725px) 100vw, 725px\" \/><\/figure>\n","protected":false},"excerpt":{"rendered":"<p>En 2025, le projet phare a \u00e9t\u00e9 l\u2019organisation du festival des musiques du genevois, accueillant 500 musiciens et 14 harmonies. Au sein de ce weekend musical, a \u00e9t\u00e9 int\u00e9gr\u00e9 le [&hellip;]<\/p>\n","protected":false},"author":3,"featured_media":0,"parent":137,"menu_order":2,"comment_status":"closed","ping_status":"closed","template":"","meta":{"_EventAllDay":false,"_EventTimezone":"","_EventStartDate":"","_EventEndDate":"","_EventStartDateUTC":"","_EventEndDateUTC":"","_EventShowMap":false,"_EventShowMapLink":false,"_EventURL":"","_EventCost":"","_EventCostDescription":"","_EventCurrencySymbol":"","_EventCurrencyCode":"","_EventCurrencyPosition":"","_EventDateTimeSeparator":"","_EventTimeRangeSeparator":"","_EventOrganizerID":[],"_EventVenueID":[],"_OrganizerEmail":"","_OrganizerPhone":"","_OrganizerWebsite":"","_VenueAddress":"","_VenueCity":"","_VenueCountry":"","_VenueProvince":"","_VenueState":"","_VenueZip":"","_VenuePhone":"","_VenueURL":"","_VenueStateProvince":"","_VenueLat":"","_VenueLng":"","_VenueShowMap":false,"_VenueShowMapLink":false,"footnotes":""},"class_list":["post-861","page","type-page","status-publish","hentry"],"_links":{"self":[{"href":"https:\/\/umc74.com\/index.php\/wp-json\/wp\/v2\/pages\/861","targetHints":{"allow":["GET"]}}],"collection":[{"href":"https:\/\/umc74.com\/index.php\/wp-json\/wp\/v2\/pages"}],"about":[{"href":"https:\/\/umc74.com\/index.php\/wp-json\/wp\/v2\/types\/page"}],"author":[{"embeddable":true,"href":"https:\/\/umc74.com\/index.php\/wp-json\/wp\/v2\/users\/3"}],"replies":[{"embeddable":true,"href":"https:\/\/umc74.com\/index.php\/wp-json\/wp\/v2\/comments?post=861"}],"version-history":[{"count":5,"href":"https:\/\/umc74.com\/index.php\/wp-json\/wp\/v2\/pages\/861\/revisions"}],"predecessor-version":[{"id":1008,"href":"https:\/\/umc74.com\/index.php\/wp-json\/wp\/v2\/pages\/861\/revisions\/1008"}],"up":[{"embeddable":true,"href":"https:\/\/umc74.com\/index.php\/wp-json\/wp\/v2\/pages\/137"}],"wp:attachment":[{"href":"https:\/\/umc74.com\/index.php\/wp-json\/wp\/v2\/media?parent=861"}],"curies":[{"name":"wp","href":"https:\/\/api.w.org\/{rel}","templated":true}]}}