{"id":53,"date":"2024-07-01T14:52:29","date_gmt":"2024-07-01T12:52:29","guid":{"rendered":"http:\/\/umc74.com\/?page_id=53"},"modified":"2024-10-04T12:28:27","modified_gmt":"2024-10-04T10:28:27","slug":"nouvelles-du-festival-2025","status":"publish","type":"page","link":"https:\/\/umc74.com\/index.php\/projets\/umc-festival-orchestra-2025\/festival-des-musiques-2025\/nouvelles-du-festival-2025\/","title":{"rendered":"Informations &#8211; Actualit\u00e9s"},"content":{"rendered":"\n<p>L&#8217;\u00e9dition 2025 du Festival des Musiques du Genevois se d\u00e9roulera le weekend du 28 et 29 juin \u00e0 Annecy.<\/p>\n\n\n\n<style><\/style><div class=\"wplp_outside wplp_widget_58\" style=\"max-width:50%;\"><span class=\"wpcu_block_title\">Les nouvelles du festival<\/span><div id=\"wplp_widget_58\" class=\"wplp_widget_default wplp_container vertical swiper wplp-swiper default cols1\" data-theme=\"default\" data-post=\"58\" style=\"\" data-max-elts=\"2\" data-per-page=\"10\"><div class=\"wplp_listposts swiper-wrapper\" id=\"default_58\" style=\"width: 100%;\" ><div class=\"swiper-slide\" style=\"\"><div class=\"insideframe\"><div id=\"wplp_box_top_58_481\" class=\"wpcu-front-box top equalHeightImg\" ><div class=\"wplp-box-item\"><a href=\"https:\/\/umc74.com\/index.php\/2024\/10\/04\/le-festival-orchestra-par-lumc-a-son-site\/\"  class=\"thumbnail\"><span class=\"img_cropper\" style=\"margin-top:7px;margin-right:7px;margin-bottom:7px;margin-left:7px;max-width:100%;\"><img decoding=\"async\" src=\"http:\/\/umc74.com\/wp-content\/plugins\/wp-latest-posts\/img\/default-image.svg\" style=\"aspect-ratio:4\/3;\" srcset=\"\" alt=\"L&#8217;UMC Festival Orchestra  a son site !\"  class=\"swiper-lazy wplp_default\" \/><div class=\"swiper-lazy-preloader\"><\/div><\/span><\/a><a href=\"https:\/\/umc74.com\/index.php\/2024\/10\/04\/le-festival-orchestra-par-lumc-a-son-site\/\"  class=\"title\">L&#8217;UMC Festival Orchestra  a son site !<\/a><\/div><\/div><div id=\"wplp_box_left_58_481\" class=\"wpcu-front-box left wpcu-custom-position\" ><div class=\"wplp-box-item\"><\/div><\/div><div id=\"wplp_box_right_58_481\" class=\"wpcu-front-box right wpcu-custom-position\" ><div class=\"wplp-box-item\"><\/div><\/div><div id=\"wplp_box_bottom_58_481\" class=\"wpcu-front-box bottom \" ><div class=\"wplp-box-item\"><span class=\"date\">4 octobre 2024<\/span><span class=\"text\"><span style=\"max-height:2.8em\" class=\"line_limit\">L&#8217;UMC Festival Orchestra aura lieu sur le parking Belle Etoile. \n\n\n\nRetrouvez les 28 et 29 juin sur le parking Belle Etoile sur la commune d\u00e9l\u00e9gu\u00e9e d&#8217;Annecy le vieux.\n\n\n\nLa premi\u00e8re journ\u00e9e sera d\u00e9di\u00e9e au village musical et un concert en soir\u00e9e. La seconde journ\u00e9e sera consacr\u00e9e au festival des musiques. Il y aura des concerts et des d\u00e9fil\u00e9s.<\/span><span style=\"margin-left:3px; max-height:2.8em\" class=\"line_limit\"> [...]<\/span><\/span><span class=\"custom_fields\">\n<!-- WPLP Unknown field: Custom_Fields -->\n<\/span><a href=\"https:\/\/umc74.com\/index.php\/2024\/10\/04\/le-festival-orchestra-par-lumc-a-son-site\/\"  class=\"read-more\">Lire la suite\u2026<\/a><\/div><\/div><\/div><\/div><div class=\"swiper-slide\" style=\"\"><div class=\"insideframe\"><div id=\"wplp_box_top_58_460\" class=\"wpcu-front-box top equalHeightImg\" ><div class=\"wplp-box-item\"><a href=\"https:\/\/umc74.com\/index.php\/2024\/10\/04\/le-festival-a-son-nom\/\"  class=\"thumbnail\"><span class=\"img_cropper\" style=\"margin-top:7px;margin-right:7px;margin-bottom:7px;margin-left:7px;max-width:100%;\"><img decoding=\"async\" src=\"https:\/\/umc74.com\/wp-content\/uploads\/2024\/10\/WhatsApp-Image-2024-10-04-at-17.44.54.jpeg\" style=\"aspect-ratio:4\/3;\" srcset=\"https:\/\/umc74.com\/wp-content\/uploads\/2024\/10\/WhatsApp-Image-2024-10-04-at-17.44.54.jpeg 1535w, https:\/\/umc74.com\/wp-content\/uploads\/2024\/10\/WhatsApp-Image-2024-10-04-at-17.44.54-300x300.jpeg 300w, https:\/\/umc74.com\/wp-content\/uploads\/2024\/10\/WhatsApp-Image-2024-10-04-at-17.44.54-1024x1024.jpeg 1024w, https:\/\/umc74.com\/wp-content\/uploads\/2024\/10\/WhatsApp-Image-2024-10-04-at-17.44.54-150x150.jpeg 150w, https:\/\/umc74.com\/wp-content\/uploads\/2024\/10\/WhatsApp-Image-2024-10-04-at-17.44.54-768x768.jpeg 768w\" alt=\"Le festival a son nom et son logo !\" class=\"swiper-lazy wplp_thumb\" \/><div class=\"swiper-lazy-preloader\"><\/div><\/span><\/a><a href=\"https:\/\/umc74.com\/index.php\/2024\/10\/04\/le-festival-a-son-nom\/\"  class=\"title\">Le festival a son nom et son logo !<\/a><\/div><\/div><div id=\"wplp_box_left_58_460\" class=\"wpcu-front-box left wpcu-custom-position\" ><div class=\"wplp-box-item\"><\/div><\/div><div id=\"wplp_box_right_58_460\" class=\"wpcu-front-box right wpcu-custom-position\" ><div class=\"wplp-box-item\"><\/div><\/div><div id=\"wplp_box_bottom_58_460\" class=\"wpcu-front-box bottom \" ><div class=\"wplp-box-item\"><span class=\"date\">4 octobre 2024<\/span><span class=\"text\"><span style=\"max-height:2.8em\" class=\"line_limit\">Le festival s&#8217;appelle donc UMC Festival Orchestra !<\/span><span style=\"margin-left:3px; max-height:2.8em\" class=\"line_limit\"> [...]<\/span><\/span><span class=\"custom_fields\">\n<!-- WPLP Unknown field: Custom_Fields -->\n<\/span><a href=\"https:\/\/umc74.com\/index.php\/2024\/10\/04\/le-festival-a-son-nom\/\"  class=\"read-more\">Lire la suite\u2026<\/a><\/div><\/div><\/div><\/div><\/div><div class=\"swiper-button-next\"><\/div><div class=\"swiper-button-prev\"><\/div><div class=\"swiper-pagination\"><\/div><\/div><\/div>\n","protected":false},"excerpt":{"rendered":"<p>L&#8217;\u00e9dition 2025 du Festival des Musiques du Genevois se d\u00e9roulera le weekend du 28 et 29 juin \u00e0 Annecy.<\/p>\n","protected":false},"author":2,"featured_media":0,"parent":38,"menu_order":1,"comment_status":"closed","ping_status":"closed","template":"","meta":{"_EventAllDay":false,"_EventTimezone":"","_EventStartDate":"","_EventEndDate":"","_EventStartDateUTC":"","_EventEndDateUTC":"","_EventShowMap":false,"_EventShowMapLink":false,"_EventURL":"","_EventCost":"","_EventCostDescription":"","_EventCurrencySymbol":"","_EventCurrencyCode":"","_EventCurrencyPosition":"","_EventDateTimeSeparator":"","_EventTimeRangeSeparator":"","_EventOrganizerID":[],"_EventVenueID":[],"_OrganizerEmail":"","_OrganizerPhone":"","_OrganizerWebsite":"","_VenueAddress":"","_VenueCity":"","_VenueCountry":"","_VenueProvince":"","_VenueState":"","_VenueZip":"","_VenuePhone":"","_VenueURL":"","_VenueStateProvince":"","_VenueLat":"","_VenueLng":"","_VenueShowMap":false,"_VenueShowMapLink":false,"footnotes":""},"class_list":["post-53","page","type-page","status-publish","hentry"],"_links":{"self":[{"href":"https:\/\/umc74.com\/index.php\/wp-json\/wp\/v2\/pages\/53","targetHints":{"allow":["GET"]}}],"collection":[{"href":"https:\/\/umc74.com\/index.php\/wp-json\/wp\/v2\/pages"}],"about":[{"href":"https:\/\/umc74.com\/index.php\/wp-json\/wp\/v2\/types\/page"}],"author":[{"embeddable":true,"href":"https:\/\/umc74.com\/index.php\/wp-json\/wp\/v2\/users\/2"}],"replies":[{"embeddable":true,"href":"https:\/\/umc74.com\/index.php\/wp-json\/wp\/v2\/comments?post=53"}],"version-history":[{"count":5,"href":"https:\/\/umc74.com\/index.php\/wp-json\/wp\/v2\/pages\/53\/revisions"}],"predecessor-version":[{"id":478,"href":"https:\/\/umc74.com\/index.php\/wp-json\/wp\/v2\/pages\/53\/revisions\/478"}],"up":[{"embeddable":true,"href":"https:\/\/umc74.com\/index.php\/wp-json\/wp\/v2\/pages\/38"}],"wp:attachment":[{"href":"https:\/\/umc74.com\/index.php\/wp-json\/wp\/v2\/media?parent=53"}],"curies":[{"name":"wp","href":"https:\/\/api.w.org\/{rel}","templated":true}]}}