{"id":42,"date":"2024-07-01T14:12:19","date_gmt":"2024-07-01T12:12:19","guid":{"rendered":"http:\/\/umc74.com\/?page_id=42"},"modified":"2024-08-20T20:05:58","modified_gmt":"2024-08-20T18:05:58","slug":"les-soutiens-de-lumc","status":"publish","type":"page","link":"https:\/\/umc74.com\/index.php\/bienvenue-sur-le-site-de-lunion-musicale-de-cran\/les-soutiens-de-lumc\/","title":{"rendered":"Les soutiens de l&#8217;UMC"},"content":{"rendered":"\n<p><strong>L&#8217;Union Musicale de Cran-Gevrier est soutenue par diff\u00e9rents m\u00e9c\u00e8nes et sponsors :<\/strong><\/p>\n\n\n\n<p><\/p>\n\n\n\n<ul class=\"wp-block-list\">\n<li>La ville d&#8217;Annecy<\/li>\n\n\n\n<li>Le D\u00e9partement de la Haute-Savoie<\/li>\n\n\n\n<li>La R\u00e9gion Auvergne-Rhone-Alpes<\/li>\n\n\n\n<li>V\u00e9ran Musique<\/li>\n<\/ul>\n\n\n\n<div style=\"height:13px\" aria-hidden=\"true\" class=\"wp-block-spacer\"><\/div>\n\n\n\n<div class=\"wp-block-group is-layout-constrained wp-block-group-is-layout-constrained\">\n<div class=\"wp-block-columns is-layout-flex wp-container-core-columns-is-layout-28f84493 wp-block-columns-is-layout-flex\">\n<div class=\"wp-block-column is-layout-flow wp-block-column-is-layout-flow\" style=\"flex-basis:100%\">\n<div class=\"wp-block-columns is-layout-flex wp-container-core-columns-is-layout-28f84493 wp-block-columns-is-layout-flex\">\n<div class=\"wp-block-column is-layout-flow wp-block-column-is-layout-flow\" style=\"flex-basis:100%\">\n<div class=\"wp-block-group is-nowrap is-layout-flex wp-container-core-group-is-layout-6c531013 wp-block-group-is-layout-flex\">\n<figure class=\"wp-block-image size-full is-resized\"><img loading=\"lazy\" decoding=\"async\" width=\"1000\" height=\"347\" src=\"https:\/\/umc74.com\/wp-content\/uploads\/2024\/08\/ANNECY-Couleur-RVB.png\" alt=\"\" class=\"wp-image-127\" style=\"width:308px;height:auto\" srcset=\"https:\/\/umc74.com\/wp-content\/uploads\/2024\/08\/ANNECY-Couleur-RVB.png 1000w, https:\/\/umc74.com\/wp-content\/uploads\/2024\/08\/ANNECY-Couleur-RVB-300x104.png 300w, https:\/\/umc74.com\/wp-content\/uploads\/2024\/08\/ANNECY-Couleur-RVB-768x266.png 768w\" sizes=\"auto, (max-width: 1000px) 100vw, 1000px\" \/><\/figure>\n\n\n\n<figure class=\"wp-block-image size-large is-resized\"><img loading=\"lazy\" decoding=\"async\" width=\"1024\" height=\"683\" src=\"https:\/\/umc74.com\/wp-content\/uploads\/2024\/08\/Conseil-departemental-Haute-Savoie-1024x683.png\" alt=\"\" class=\"wp-image-124\" style=\"width:160px;height:auto\" srcset=\"https:\/\/umc74.com\/wp-content\/uploads\/2024\/08\/Conseil-departemental-Haute-Savoie-1024x683.png 1024w, https:\/\/umc74.com\/wp-content\/uploads\/2024\/08\/Conseil-departemental-Haute-Savoie-300x200.png 300w, https:\/\/umc74.com\/wp-content\/uploads\/2024\/08\/Conseil-departemental-Haute-Savoie-768x512.png 768w, https:\/\/umc74.com\/wp-content\/uploads\/2024\/08\/Conseil-departemental-Haute-Savoie.png 1063w\" sizes=\"auto, (max-width: 1024px) 100vw, 1024px\" \/><\/figure>\n\n\n\n<figure class=\"wp-block-image size-large is-resized\"><img loading=\"lazy\" decoding=\"async\" width=\"1024\" height=\"237\" src=\"https:\/\/umc74.com\/wp-content\/uploads\/2024\/08\/LOGO_REGION_RVB-BLEU-GRIS-1024x237.png\" alt=\"\" class=\"wp-image-126\" style=\"width:217px;height:auto\" srcset=\"https:\/\/umc74.com\/wp-content\/uploads\/2024\/08\/LOGO_REGION_RVB-BLEU-GRIS-1024x237.png 1024w, https:\/\/umc74.com\/wp-content\/uploads\/2024\/08\/LOGO_REGION_RVB-BLEU-GRIS-300x69.png 300w, https:\/\/umc74.com\/wp-content\/uploads\/2024\/08\/LOGO_REGION_RVB-BLEU-GRIS-768x178.png 768w, https:\/\/umc74.com\/wp-content\/uploads\/2024\/08\/LOGO_REGION_RVB-BLEU-GRIS.png 1313w\" sizes=\"auto, (max-width: 1024px) 100vw, 1024px\" \/><\/figure>\n<\/div>\n<\/div>\n<\/div>\n<\/div>\n<\/div>\n<\/div>\n\n\n\n<figure class=\"wp-block-image size-full is-resized\"><img loading=\"lazy\" decoding=\"async\" width=\"395\" height=\"194\" src=\"https:\/\/umc74.com\/wp-content\/uploads\/2024\/08\/veran-musique_fond-transparent.png\" alt=\"\" class=\"wp-image-267\" style=\"width:216px;height:auto\" srcset=\"https:\/\/umc74.com\/wp-content\/uploads\/2024\/08\/veran-musique_fond-transparent.png 395w, https:\/\/umc74.com\/wp-content\/uploads\/2024\/08\/veran-musique_fond-transparent-300x147.png 300w\" sizes=\"auto, (max-width: 395px) 100vw, 395px\" \/><\/figure>\n\n\n\n<p><\/p>\n","protected":false},"excerpt":{"rendered":"<p>L&#8217;Union Musicale de Cran-Gevrier est soutenue par diff\u00e9rents m\u00e9c\u00e8nes et sponsors :<\/p>\n","protected":false},"author":2,"featured_media":0,"parent":14,"menu_order":5,"comment_status":"closed","ping_status":"closed","template":"","meta":{"_EventAllDay":false,"_EventTimezone":"","_EventStartDate":"","_EventEndDate":"","_EventStartDateUTC":"","_EventEndDateUTC":"","_EventShowMap":false,"_EventShowMapLink":false,"_EventURL":"","_EventCost":"","_EventCostDescription":"","_EventCurrencySymbol":"","_EventCurrencyCode":"","_EventCurrencyPosition":"","_EventDateTimeSeparator":"","_EventTimeRangeSeparator":"","_EventOrganizerID":[],"_EventVenueID":[],"_OrganizerEmail":"","_OrganizerPhone":"","_OrganizerWebsite":"","_VenueAddress":"","_VenueCity":"","_VenueCountry":"","_VenueProvince":"","_VenueState":"","_VenueZip":"","_VenuePhone":"","_VenueURL":"","_VenueStateProvince":"","_VenueLat":"","_VenueLng":"","_VenueShowMap":false,"_VenueShowMapLink":false,"footnotes":""},"class_list":["post-42","page","type-page","status-publish","hentry"],"_links":{"self":[{"href":"https:\/\/umc74.com\/index.php\/wp-json\/wp\/v2\/pages\/42","targetHints":{"allow":["GET"]}}],"collection":[{"href":"https:\/\/umc74.com\/index.php\/wp-json\/wp\/v2\/pages"}],"about":[{"href":"https:\/\/umc74.com\/index.php\/wp-json\/wp\/v2\/types\/page"}],"author":[{"embeddable":true,"href":"https:\/\/umc74.com\/index.php\/wp-json\/wp\/v2\/users\/2"}],"replies":[{"embeddable":true,"href":"https:\/\/umc74.com\/index.php\/wp-json\/wp\/v2\/comments?post=42"}],"version-history":[{"count":10,"href":"https:\/\/umc74.com\/index.php\/wp-json\/wp\/v2\/pages\/42\/revisions"}],"predecessor-version":[{"id":323,"href":"https:\/\/umc74.com\/index.php\/wp-json\/wp\/v2\/pages\/42\/revisions\/323"}],"up":[{"embeddable":true,"href":"https:\/\/umc74.com\/index.php\/wp-json\/wp\/v2\/pages\/14"}],"wp:attachment":[{"href":"https:\/\/umc74.com\/index.php\/wp-json\/wp\/v2\/media?parent=42"}],"curies":[{"name":"wp","href":"https:\/\/api.w.org\/{rel}","templated":true}]}}