{"id":40,"date":"2024-07-01T14:10:06","date_gmt":"2024-07-01T12:10:06","guid":{"rendered":"http:\/\/umc74.com\/?page_id=40"},"modified":"2025-05-10T16:12:28","modified_gmt":"2025-05-10T14:12:28","slug":"espace-partenaires","status":"publish","type":"page","link":"https:\/\/umc74.com\/index.php\/projets\/umc-festival-orchestra-2025\/festival-des-musiques-2025\/espace-partenaires\/","title":{"rendered":"Espace Partenaires"},"content":{"rendered":"\n<p>Le festival des musique pr\u00e9vu pour \u00eatre accessible gratuitement aux visiteurs est une \u00e9v\u00e9nement qui g\u00e9n\u00e8re des frais importants pour une association comme la n\u00f4tre. Sponsors, on a besoin de votre soutien !<\/p>\n\n\n\n<p class=\"has-text-align-center has-vivid-red-color has-text-color has-link-color has-x-large-font-size wp-elements-14a652b43f9ce4f9eaf89a33aa394550\" style=\"font-style:normal;font-weight:700\">Ils nous soutiennent, Merci \u00e0 eux !<\/p>\n\n\n\n<p><\/p>\n\n\n\n<div class=\"wp-block-columns is-layout-flex wp-container-core-columns-is-layout-28f84493 wp-block-columns-is-layout-flex\">\n<div class=\"wp-block-column is-layout-flow wp-block-column-is-layout-flow\">\n<figure class=\"wp-block-image size-full\"><img loading=\"lazy\" decoding=\"async\" width=\"556\" height=\"119\" src=\"https:\/\/umc74.com\/wp-content\/uploads\/2025\/01\/WhatsApp-Image-2025-01-17-at-09.11.561-1.jpeg\" alt=\"\" class=\"wp-image-556\" srcset=\"https:\/\/umc74.com\/wp-content\/uploads\/2025\/01\/WhatsApp-Image-2025-01-17-at-09.11.561-1.jpeg 556w, https:\/\/umc74.com\/wp-content\/uploads\/2025\/01\/WhatsApp-Image-2025-01-17-at-09.11.561-1-300x64.jpeg 300w\" sizes=\"auto, (max-width: 556px) 100vw, 556px\" \/><\/figure>\n\n\n\n<p class=\"has-text-align-center has-vivid-cyan-blue-color has-text-color has-link-color wp-elements-1b05c3eb8945fd61d86082d435b22038\" style=\"font-style:normal;font-weight:600\">Banque Laydernier<\/p>\n\n\n\n<figure class=\"wp-block-image size-large\"><img loading=\"lazy\" decoding=\"async\" width=\"1024\" height=\"1024\" src=\"https:\/\/umc74.com\/wp-content\/uploads\/2025\/01\/WhatsApp-Image-2025-01-25-at-10.55.22-1024x1024.jpeg\" alt=\"\" class=\"wp-image-565\" srcset=\"https:\/\/umc74.com\/wp-content\/uploads\/2025\/01\/WhatsApp-Image-2025-01-25-at-10.55.22-1024x1024.jpeg 1024w, https:\/\/umc74.com\/wp-content\/uploads\/2025\/01\/WhatsApp-Image-2025-01-25-at-10.55.22-300x300.jpeg 300w, https:\/\/umc74.com\/wp-content\/uploads\/2025\/01\/WhatsApp-Image-2025-01-25-at-10.55.22-150x150.jpeg 150w, https:\/\/umc74.com\/wp-content\/uploads\/2025\/01\/WhatsApp-Image-2025-01-25-at-10.55.22-768x768.jpeg 768w, https:\/\/umc74.com\/wp-content\/uploads\/2025\/01\/WhatsApp-Image-2025-01-25-at-10.55.22-1536x1536.jpeg 1536w, https:\/\/umc74.com\/wp-content\/uploads\/2025\/01\/WhatsApp-Image-2025-01-25-at-10.55.22.jpeg 1600w\" sizes=\"auto, (max-width: 1024px) 100vw, 1024px\" \/><\/figure>\n\n\n\n<p class=\"has-text-align-center has-vivid-cyan-blue-color has-text-color has-link-color wp-elements-ecabc4854cb4ab94ec3d5a9d6969b01b\" style=\"font-style:normal;font-weight:600\">Fr\u00e8res Lunetiers<\/p>\n\n\n\n<figure class=\"wp-block-image size-large\"><img loading=\"lazy\" decoding=\"async\" width=\"1024\" height=\"602\" src=\"https:\/\/umc74.com\/wp-content\/uploads\/2025\/02\/WhatsApp-Image-2025-02-22-at-18.11.46-1-1024x602.jpeg\" alt=\"\" class=\"wp-image-656\" srcset=\"https:\/\/umc74.com\/wp-content\/uploads\/2025\/02\/WhatsApp-Image-2025-02-22-at-18.11.46-1-1024x602.jpeg 1024w, https:\/\/umc74.com\/wp-content\/uploads\/2025\/02\/WhatsApp-Image-2025-02-22-at-18.11.46-1-300x176.jpeg 300w, https:\/\/umc74.com\/wp-content\/uploads\/2025\/02\/WhatsApp-Image-2025-02-22-at-18.11.46-1-768x451.jpeg 768w, https:\/\/umc74.com\/wp-content\/uploads\/2025\/02\/WhatsApp-Image-2025-02-22-at-18.11.46-1-1536x902.jpeg 1536w, https:\/\/umc74.com\/wp-content\/uploads\/2025\/02\/WhatsApp-Image-2025-02-22-at-18.11.46-1.jpeg 1600w\" sizes=\"auto, (max-width: 1024px) 100vw, 1024px\" \/><\/figure>\n\n\n\n<p class=\"has-text-align-center has-vivid-cyan-blue-color has-text-color has-link-color wp-elements-1cad30a20eea7db1718cb75d77c2f213\" style=\"font-style:normal;font-weight:600\">Preux immobilier<\/p>\n\n\n\n<figure class=\"wp-block-image size-large\"><img loading=\"lazy\" decoding=\"async\" width=\"1024\" height=\"658\" src=\"https:\/\/umc74.com\/wp-content\/uploads\/2025\/03\/WhatsApp-Image-2025-03-16-at-17.14.26-1024x658.jpeg\" alt=\"\" class=\"wp-image-695\" srcset=\"https:\/\/umc74.com\/wp-content\/uploads\/2025\/03\/WhatsApp-Image-2025-03-16-at-17.14.26-1024x658.jpeg 1024w, https:\/\/umc74.com\/wp-content\/uploads\/2025\/03\/WhatsApp-Image-2025-03-16-at-17.14.26-300x193.jpeg 300w, https:\/\/umc74.com\/wp-content\/uploads\/2025\/03\/WhatsApp-Image-2025-03-16-at-17.14.26-768x493.jpeg 768w, https:\/\/umc74.com\/wp-content\/uploads\/2025\/03\/WhatsApp-Image-2025-03-16-at-17.14.26.jpeg 1382w\" sizes=\"auto, (max-width: 1024px) 100vw, 1024px\" \/><\/figure>\n\n\n\n<p class=\"has-text-align-center has-vivid-cyan-blue-color has-text-color has-link-color wp-elements-5d2261bcd939cfb5f003dae7ea74f3ec\" style=\"font-style:normal;font-weight:600\">Villaz en Fleurs<\/p>\n\n\n\n<figure class=\"wp-block-image size-large\"><img loading=\"lazy\" decoding=\"async\" width=\"1024\" height=\"1024\" src=\"https:\/\/umc74.com\/wp-content\/uploads\/2025\/04\/WhatsApp-Image-2025-04-09-at-18.40.191-1024x1024.jpeg\" alt=\"\" class=\"wp-image-710\" srcset=\"https:\/\/umc74.com\/wp-content\/uploads\/2025\/04\/WhatsApp-Image-2025-04-09-at-18.40.191-1024x1024.jpeg 1024w, https:\/\/umc74.com\/wp-content\/uploads\/2025\/04\/WhatsApp-Image-2025-04-09-at-18.40.191-300x300.jpeg 300w, https:\/\/umc74.com\/wp-content\/uploads\/2025\/04\/WhatsApp-Image-2025-04-09-at-18.40.191-150x150.jpeg 150w, https:\/\/umc74.com\/wp-content\/uploads\/2025\/04\/WhatsApp-Image-2025-04-09-at-18.40.191-768x768.jpeg 768w, https:\/\/umc74.com\/wp-content\/uploads\/2025\/04\/WhatsApp-Image-2025-04-09-at-18.40.191-1536x1536.jpeg 1536w, https:\/\/umc74.com\/wp-content\/uploads\/2025\/04\/WhatsApp-Image-2025-04-09-at-18.40.191.jpeg 1600w\" sizes=\"auto, (max-width: 1024px) 100vw, 1024px\" \/><\/figure>\n\n\n\n<p class=\"has-text-align-center has-vivid-cyan-blue-color has-text-color has-link-color has-medium-font-size wp-elements-09e8f1ae4d16af084457c81041008ed7\" style=\"font-style:normal;font-weight:600\">Equaterre<\/p>\n\n\n\n<figure class=\"wp-block-image size-full\"><img loading=\"lazy\" decoding=\"async\" width=\"793\" height=\"448\" src=\"https:\/\/umc74.com\/wp-content\/uploads\/2025\/04\/WhatsApp-Image-2025-04-16-at-18.06.54.jpeg\" alt=\"\" class=\"wp-image-726\" srcset=\"https:\/\/umc74.com\/wp-content\/uploads\/2025\/04\/WhatsApp-Image-2025-04-16-at-18.06.54.jpeg 793w, https:\/\/umc74.com\/wp-content\/uploads\/2025\/04\/WhatsApp-Image-2025-04-16-at-18.06.54-300x169.jpeg 300w, https:\/\/umc74.com\/wp-content\/uploads\/2025\/04\/WhatsApp-Image-2025-04-16-at-18.06.54-768x434.jpeg 768w\" sizes=\"auto, (max-width: 793px) 100vw, 793px\" \/><\/figure>\n\n\n\n<p class=\"has-text-align-center has-vivid-cyan-blue-color has-text-color has-link-color wp-elements-f132bbc438d699a6d9c7e35f77476b5f\" style=\"font-style:normal;font-weight:600\">Maison de peinture<\/p>\n\n\n\n<figure class=\"wp-block-image size-full\"><img loading=\"lazy\" decoding=\"async\" width=\"750\" height=\"300\" src=\"https:\/\/umc74.com\/wp-content\/uploads\/2025\/05\/WhatsApp-Image-2025-04-29-at-18.02.14.jpeg\" alt=\"\" class=\"wp-image-768\" srcset=\"https:\/\/umc74.com\/wp-content\/uploads\/2025\/05\/WhatsApp-Image-2025-04-29-at-18.02.14.jpeg 750w, https:\/\/umc74.com\/wp-content\/uploads\/2025\/05\/WhatsApp-Image-2025-04-29-at-18.02.14-300x120.jpeg 300w\" sizes=\"auto, (max-width: 750px) 100vw, 750px\" \/><\/figure>\n\n\n\n<p class=\"has-text-align-center has-vivid-cyan-blue-color has-text-color has-link-color has-medium-font-size wp-elements-532d2ad17a46a18b76294e558b788b25\" style=\"font-style:normal;font-weight:600\">Beckhoff<\/p>\n\n\n\n<figure class=\"wp-block-image size-full\"><img loading=\"lazy\" decoding=\"async\" width=\"502\" height=\"591\" src=\"https:\/\/umc74.com\/wp-content\/uploads\/2025\/05\/WhatsApp-Image-2025-05-05-at-17.57.01.jpeg\" alt=\"\" class=\"wp-image-772\" srcset=\"https:\/\/umc74.com\/wp-content\/uploads\/2025\/05\/WhatsApp-Image-2025-05-05-at-17.57.01.jpeg 502w, https:\/\/umc74.com\/wp-content\/uploads\/2025\/05\/WhatsApp-Image-2025-05-05-at-17.57.01-255x300.jpeg 255w\" sizes=\"auto, (max-width: 502px) 100vw, 502px\" \/><\/figure>\n\n\n\n<p class=\"has-text-align-center has-vivid-cyan-blue-color has-text-color has-link-color has-medium-font-size wp-elements-b3cba3600efb5c1be7001f3be0c3921c\" style=\"font-style:normal;font-weight:600\">Dans la mesure du possible<\/p>\n<\/div>\n\n\n\n<div class=\"wp-block-column is-layout-flow wp-block-column-is-layout-flow\">\n<figure class=\"wp-block-image aligncenter size-full is-resized\"><img loading=\"lazy\" decoding=\"async\" width=\"1006\" height=\"370\" src=\"https:\/\/umc74.com\/wp-content\/uploads\/2025\/01\/WhatsApp-Image-2025-01-17-at-09.11.56-3.jpeg\" alt=\"\" class=\"wp-image-557\" style=\"width:185px;height:auto\" srcset=\"https:\/\/umc74.com\/wp-content\/uploads\/2025\/01\/WhatsApp-Image-2025-01-17-at-09.11.56-3.jpeg 1006w, https:\/\/umc74.com\/wp-content\/uploads\/2025\/01\/WhatsApp-Image-2025-01-17-at-09.11.56-3-300x110.jpeg 300w, https:\/\/umc74.com\/wp-content\/uploads\/2025\/01\/WhatsApp-Image-2025-01-17-at-09.11.56-3-768x282.jpeg 768w\" sizes=\"auto, (max-width: 1006px) 100vw, 1006px\" \/><\/figure>\n\n\n\n<p class=\"has-text-align-center has-vivid-cyan-blue-color has-text-color has-link-color wp-elements-7365616e84a9c4193d6ea9642f64d6e5\" style=\"font-style:normal;font-weight:600\">SBM Immobilier<\/p>\n\n\n\n<figure class=\"wp-block-image size-full\"><img loading=\"lazy\" decoding=\"async\" width=\"556\" height=\"150\" src=\"https:\/\/umc74.com\/wp-content\/uploads\/2025\/04\/WhatsApp-Image-2025-04-09-at-18.40.19.jpeg\" alt=\"\" class=\"wp-image-709\" srcset=\"https:\/\/umc74.com\/wp-content\/uploads\/2025\/04\/WhatsApp-Image-2025-04-09-at-18.40.19.jpeg 556w, https:\/\/umc74.com\/wp-content\/uploads\/2025\/04\/WhatsApp-Image-2025-04-09-at-18.40.19-300x81.jpeg 300w\" sizes=\"auto, (max-width: 556px) 100vw, 556px\" \/><\/figure>\n\n\n\n<p class=\"has-text-align-center has-vivid-cyan-blue-color has-text-color has-link-color wp-elements-0a1bc68cdb82d69684f34e60b69cdd54\" style=\"font-style:normal;font-weight:600\">Tomplay <\/p>\n\n\n\n<figure class=\"wp-block-image size-full\"><img loading=\"lazy\" decoding=\"async\" width=\"643\" height=\"458\" src=\"https:\/\/umc74.com\/wp-content\/uploads\/2025\/02\/WhatsApp-Image-2025-02-22-at-18.11.451-1.jpeg\" alt=\"\" class=\"wp-image-657\" srcset=\"https:\/\/umc74.com\/wp-content\/uploads\/2025\/02\/WhatsApp-Image-2025-02-22-at-18.11.451-1.jpeg 643w, https:\/\/umc74.com\/wp-content\/uploads\/2025\/02\/WhatsApp-Image-2025-02-22-at-18.11.451-1-300x214.jpeg 300w\" sizes=\"auto, (max-width: 643px) 100vw, 643px\" \/><\/figure>\n\n\n\n<p class=\"has-text-align-center has-vivid-cyan-blue-color has-text-color has-link-color wp-elements-c5fe4d4dc753b265ab265ecf2b5dd885\" style=\"font-style:normal;font-weight:600\">Altitude Broyage<\/p>\n\n\n\n<figure class=\"wp-block-image size-full\"><img loading=\"lazy\" decoding=\"async\" width=\"495\" height=\"340\" src=\"https:\/\/umc74.com\/wp-content\/uploads\/2025\/02\/WhatsApp-Image-2025-02-22-at-18.11.45-1.jpeg\" alt=\"\" class=\"wp-image-658\" srcset=\"https:\/\/umc74.com\/wp-content\/uploads\/2025\/02\/WhatsApp-Image-2025-02-22-at-18.11.45-1.jpeg 495w, https:\/\/umc74.com\/wp-content\/uploads\/2025\/02\/WhatsApp-Image-2025-02-22-at-18.11.45-1-300x206.jpeg 300w\" sizes=\"auto, (max-width: 495px) 100vw, 495px\" \/><\/figure>\n\n\n\n<p class=\"has-text-align-center has-vivid-cyan-blue-color has-text-color has-link-color wp-elements-67df5ecafff403608f435dacc509fe7c\">Karine &amp; Lydie Coiffure<\/p>\n\n\n\n<figure class=\"wp-block-image size-full\"><img loading=\"lazy\" decoding=\"async\" width=\"496\" height=\"319\" src=\"https:\/\/umc74.com\/wp-content\/uploads\/2025\/03\/WhatsApp-Image-2025-03-16-at-17.14.261.jpeg\" alt=\"\" class=\"wp-image-698\" srcset=\"https:\/\/umc74.com\/wp-content\/uploads\/2025\/03\/WhatsApp-Image-2025-03-16-at-17.14.261.jpeg 496w, https:\/\/umc74.com\/wp-content\/uploads\/2025\/03\/WhatsApp-Image-2025-03-16-at-17.14.261-300x193.jpeg 300w\" sizes=\"auto, (max-width: 496px) 100vw, 496px\" \/><\/figure>\n\n\n\n<p class=\"has-text-align-center has-vivid-cyan-blue-color has-text-color has-link-color wp-elements-9a0983ef62284430eab1685bdb18be9b\" style=\"font-style:normal;font-weight:600\">Duclos TP 74<\/p>\n\n\n\n<figure class=\"wp-block-image size-large\"><img loading=\"lazy\" decoding=\"async\" width=\"1024\" height=\"271\" src=\"https:\/\/umc74.com\/wp-content\/uploads\/2025\/04\/WhatsApp-Image-2025-04-09-at-18.40.192-1024x271.jpeg\" alt=\"\" class=\"wp-image-712\" srcset=\"https:\/\/umc74.com\/wp-content\/uploads\/2025\/04\/WhatsApp-Image-2025-04-09-at-18.40.192-1024x271.jpeg 1024w, https:\/\/umc74.com\/wp-content\/uploads\/2025\/04\/WhatsApp-Image-2025-04-09-at-18.40.192-300x79.jpeg 300w, https:\/\/umc74.com\/wp-content\/uploads\/2025\/04\/WhatsApp-Image-2025-04-09-at-18.40.192-768x203.jpeg 768w, https:\/\/umc74.com\/wp-content\/uploads\/2025\/04\/WhatsApp-Image-2025-04-09-at-18.40.192.jpeg 1180w\" sizes=\"auto, (max-width: 1024px) 100vw, 1024px\" \/><\/figure>\n\n\n\n<p class=\"has-text-align-center has-vivid-cyan-blue-color has-text-color has-link-color wp-elements-cb0ea58fb9f72fe81e53f48e27ebe730\" style=\"font-style:normal;font-weight:600\">PRIM&#8217;AUT Savoie<\/p>\n\n\n\n<figure class=\"wp-block-image size-full\"><img loading=\"lazy\" decoding=\"async\" width=\"605\" height=\"567\" src=\"https:\/\/umc74.com\/wp-content\/uploads\/2025\/04\/WhatsApp-Image-2025-04-16-at-18.06.541.jpeg\" alt=\"\" class=\"wp-image-723\" srcset=\"https:\/\/umc74.com\/wp-content\/uploads\/2025\/04\/WhatsApp-Image-2025-04-16-at-18.06.541.jpeg 605w, https:\/\/umc74.com\/wp-content\/uploads\/2025\/04\/WhatsApp-Image-2025-04-16-at-18.06.541-300x281.jpeg 300w\" sizes=\"auto, (max-width: 605px) 100vw, 605px\" \/><\/figure>\n\n\n\n<p class=\"has-text-align-center has-vivid-cyan-blue-color has-text-color has-link-color wp-elements-9e652d98982cf8560a363948724544ae\" style=\"font-style:normal;font-weight:600\">Safti Immobilier<\/p>\n\n\n\n<figure class=\"wp-block-image size-large\"><img loading=\"lazy\" decoding=\"async\" width=\"1024\" height=\"503\" src=\"https:\/\/umc74.com\/wp-content\/uploads\/2025\/04\/Veran-Instruments-a-vent-1-1024x503.jpg\" alt=\"\" class=\"wp-image-743\" srcset=\"https:\/\/umc74.com\/wp-content\/uploads\/2025\/04\/Veran-Instruments-a-vent-1-1024x503.jpg 1024w, https:\/\/umc74.com\/wp-content\/uploads\/2025\/04\/Veran-Instruments-a-vent-1-300x147.jpg 300w, https:\/\/umc74.com\/wp-content\/uploads\/2025\/04\/Veran-Instruments-a-vent-1-768x377.jpg 768w, https:\/\/umc74.com\/wp-content\/uploads\/2025\/04\/Veran-Instruments-a-vent-1-1536x754.jpg 1536w, https:\/\/umc74.com\/wp-content\/uploads\/2025\/04\/Veran-Instruments-a-vent-1.jpg 1772w\" sizes=\"auto, (max-width: 1024px) 100vw, 1024px\" \/><\/figure>\n\n\n\n<p class=\"has-text-align-center has-vivid-cyan-blue-color has-text-color has-link-color wp-elements-4d63d901971f16b1fbf11ce45468213e\" style=\"font-style:normal;font-weight:600\">V\u00e9ran &#8211; Instruments \u00e0 vent<\/p>\n\n\n\n<figure class=\"wp-block-image size-full\"><img loading=\"lazy\" decoding=\"async\" width=\"1004\" height=\"591\" src=\"https:\/\/umc74.com\/wp-content\/uploads\/2025\/05\/WhatsApp-Image-2025-05-05-at-19.26.52.jpeg\" alt=\"\" class=\"wp-image-774\" srcset=\"https:\/\/umc74.com\/wp-content\/uploads\/2025\/05\/WhatsApp-Image-2025-05-05-at-19.26.52.jpeg 1004w, https:\/\/umc74.com\/wp-content\/uploads\/2025\/05\/WhatsApp-Image-2025-05-05-at-19.26.52-300x177.jpeg 300w, https:\/\/umc74.com\/wp-content\/uploads\/2025\/05\/WhatsApp-Image-2025-05-05-at-19.26.52-768x452.jpeg 768w\" sizes=\"auto, (max-width: 1004px) 100vw, 1004px\" \/><\/figure>\n\n\n\n<p class=\"has-text-align-center has-vivid-cyan-blue-color has-text-color has-link-color has-medium-font-size wp-elements-e8bc4a42f852c9c6dfc95cd2de068c01\" style=\"font-style:normal;font-weight:600\">Daniel Moquet<\/p>\n\n\n\n<figure class=\"wp-block-image size-full\"><img loading=\"lazy\" decoding=\"async\" width=\"482\" height=\"283\" src=\"https:\/\/umc74.com\/wp-content\/uploads\/2025\/05\/IMG-20250510-WA0012.jpg\" alt=\"\" class=\"wp-image-781\" srcset=\"https:\/\/umc74.com\/wp-content\/uploads\/2025\/05\/IMG-20250510-WA0012.jpg 482w, https:\/\/umc74.com\/wp-content\/uploads\/2025\/05\/IMG-20250510-WA0012-300x176.jpg 300w\" sizes=\"auto, (max-width: 482px) 100vw, 482px\" \/><\/figure>\n\n\n\n<p class=\"has-text-align-center has-vivid-cyan-blue-color has-text-color has-link-color has-medium-font-size wp-elements-6941358ed89bf512584d6088bacaab28\" style=\"font-style:normal;font-weight:600\">Smart Lockers<\/p>\n<\/div>\n<\/div>\n\n\n\n<p class=\"has-text-align-center has-pale-pink-color has-text-color has-link-color has-x-large-font-size wp-elements-a61f356a0a321b5e7432be9af08b4ebc\" style=\"font-style:normal;font-weight:800\">N&#8217;h\u00e9sitez pas \u00e0 les rejoindre !<\/p>\n\n\n\n<p>L&#8217;UMC est aussi une association reconnue d&#8217;utilit\u00e9 public. Votre soutien peut b\u00e9n\u00e9ficier du cr\u00e9dit d&#8217;imp\u00f4t \u00e0 hauteur de 60% dans le cas d&#8217;un soutien sous forme de m\u00e9c\u00e9nat.<\/p>\n\n\n\n<p>Vous pouvez consulter ou t\u00e9l\u00e9charger notre fiche descriptive \u00e0 ce sujet. N&#8217;h\u00e9sitez pas \u00e0 nous contacter directement.<\/p>\n\n\n\n<div data-wp-interactive=\"core\/file\" class=\"wp-block-file\"><object data-wp-bind--hidden=\"!state.hasPdfPreview\" hidden class=\"wp-block-file__embed\" data=\"https:\/\/umc74.com\/wp-content\/uploads\/2024\/11\/Presentation-UMC-Festival-Orchestra-p1p2.pdf\" type=\"application\/pdf\" style=\"width:100%;height:600px\" aria-label=\"Contenu embarqu\u00e9 Pr\u00e9sentation UMC Festival Orchestra p1p2.\"><\/object><a id=\"wp-block-file--media-215f2862-5030-460a-a26f-a08fc48038dc\" href=\"https:\/\/umc74.com\/wp-content\/uploads\/2024\/11\/Presentation-UMC-Festival-Orchestra-p1p2.pdf\">Pr\u00e9sentation UMC Festival Orchestra p1p2<\/a><a href=\"https:\/\/umc74.com\/wp-content\/uploads\/2024\/11\/Presentation-UMC-Festival-Orchestra-p1p2.pdf\" class=\"wp-block-file__button wp-element-button\" download aria-describedby=\"wp-block-file--media-215f2862-5030-460a-a26f-a08fc48038dc\">T\u00e9l\u00e9charger<\/a><\/div>\n","protected":false},"excerpt":{"rendered":"<p>Le festival des musique pr\u00e9vu pour \u00eatre accessible gratuitement aux visiteurs est une \u00e9v\u00e9nement qui g\u00e9n\u00e8re des frais importants pour une association comme la n\u00f4tre. Sponsors, on a besoin de [&hellip;]<\/p>\n","protected":false},"author":2,"featured_media":0,"parent":38,"menu_order":2,"comment_status":"closed","ping_status":"closed","template":"","meta":{"_EventAllDay":false,"_EventTimezone":"","_EventStartDate":"","_EventEndDate":"","_EventStartDateUTC":"","_EventEndDateUTC":"","_EventShowMap":false,"_EventShowMapLink":false,"_EventURL":"","_EventCost":"","_EventCostDescription":"","_EventCurrencySymbol":"","_EventCurrencyCode":"","_EventCurrencyPosition":"","_EventDateTimeSeparator":"","_EventTimeRangeSeparator":"","_EventOrganizerID":[],"_EventVenueID":[],"_OrganizerEmail":"","_OrganizerPhone":"","_OrganizerWebsite":"","_VenueAddress":"","_VenueCity":"","_VenueCountry":"","_VenueProvince":"","_VenueState":"","_VenueZip":"","_VenuePhone":"","_VenueURL":"","_VenueStateProvince":"","_VenueLat":"","_VenueLng":"","_VenueShowMap":false,"_VenueShowMapLink":false,"footnotes":""},"class_list":["post-40","page","type-page","status-publish","hentry"],"_links":{"self":[{"href":"https:\/\/umc74.com\/index.php\/wp-json\/wp\/v2\/pages\/40","targetHints":{"allow":["GET"]}}],"collection":[{"href":"https:\/\/umc74.com\/index.php\/wp-json\/wp\/v2\/pages"}],"about":[{"href":"https:\/\/umc74.com\/index.php\/wp-json\/wp\/v2\/types\/page"}],"author":[{"embeddable":true,"href":"https:\/\/umc74.com\/index.php\/wp-json\/wp\/v2\/users\/2"}],"replies":[{"embeddable":true,"href":"https:\/\/umc74.com\/index.php\/wp-json\/wp\/v2\/comments?post=40"}],"version-history":[{"count":21,"href":"https:\/\/umc74.com\/index.php\/wp-json\/wp\/v2\/pages\/40\/revisions"}],"predecessor-version":[{"id":782,"href":"https:\/\/umc74.com\/index.php\/wp-json\/wp\/v2\/pages\/40\/revisions\/782"}],"up":[{"embeddable":true,"href":"https:\/\/umc74.com\/index.php\/wp-json\/wp\/v2\/pages\/38"}],"wp:attachment":[{"href":"https:\/\/umc74.com\/index.php\/wp-json\/wp\/v2\/media?parent=40"}],"curies":[{"name":"wp","href":"https:\/\/api.w.org\/{rel}","templated":true}]}}