{"id":38,"date":"2024-07-01T14:08:10","date_gmt":"2024-07-01T12:08:10","guid":{"rendered":"http:\/\/umc74.com\/?page_id=38"},"modified":"2025-08-19T15:30:55","modified_gmt":"2025-08-19T13:30:55","slug":"festival-des-musiques-2025","status":"publish","type":"page","link":"https:\/\/umc74.com\/index.php\/projets\/umc-festival-orchestra-2025\/festival-des-musiques-2025\/","title":{"rendered":"Festival des musiques 2025"},"content":{"rendered":"\n<p>Dans le cadre du festival 2025 des musiques du genevois, l&#8217;UMC organise un village musical. Voici une petite description de ce qui va se passer se weekend l\u00e0 !<\/p>\n\n\n\n<figure class=\"wp-block-image aligncenter size-full\"><img loading=\"lazy\" decoding=\"async\" width=\"508\" height=\"508\" src=\"https:\/\/umc74.com\/wp-content\/uploads\/2024\/12\/logo-UFO.jpg\" alt=\"\" class=\"wp-image-522\" srcset=\"https:\/\/umc74.com\/wp-content\/uploads\/2024\/12\/logo-UFO.jpg 508w, https:\/\/umc74.com\/wp-content\/uploads\/2024\/12\/logo-UFO-300x300.jpg 300w, https:\/\/umc74.com\/wp-content\/uploads\/2024\/12\/logo-UFO-150x150.jpg 150w\" sizes=\"auto, (max-width: 508px) 100vw, 508px\" \/><\/figure>\n\n\n\n<p><strong>130 ans d\u2019histoire et une c\u00e9l\u00e9bration en grand pour l\u2019Union Musicale de Cran-Gevrier !<\/strong><\/p>\n\n\n\n<p>En 2025, l\u2019Union Musicale de Cran-Gevrier (UMC) c\u00e9l\u00e8bre un jalon remarquable : ses 130 ans d\u2019existence. Forte de ses 60 musiciens, cette harmonie n\u00e9e en 1895 sous le nom de&nbsp;<strong>Lyre Industrielle<\/strong>, cr\u00e9\u00e9e par les ouvriers des forges de Cran, perp\u00e9tue une tradition musicale riche et ancr\u00e9e dans son territoire. Install\u00e9e aujourd\u2019hui \u00e0 l\u2019Espace des Forges, l\u2019ancienne \u00e9glise situ\u00e9e \u00e0 c\u00f4t\u00e9 du pont de Tasset, l\u2019UMC se pr\u00e9pare \u00e0 organiser un \u00e9v\u00e9nement exceptionnel : le&nbsp;<strong>Festival des Musiques du Genevois<\/strong>, les 28 et 29 juin 2025.<\/p>\n\n\n\n<p><strong>Un programme de festival ambitieux pour un anniversaire m\u00e9morable<\/strong><strong><\/strong><\/p>\n\n\n\n<p>Traditionnellement organis\u00e9 sur une journ\u00e9e, ce festival prendra une toute nouvelle dimension cette ann\u00e9e avec une programmation sur deux jours et dans un lieu idyllique \u00e0 c\u00f4t\u00e9 de la plage d\u2019Albigny \u00e0 Annecy. Projet \u00e0 part enti\u00e8re, le village musical a pour vocation de permettre de faire d\u00e9couvrir la musique au plus grand nombre !<\/p>\n\n\n\n<p><strong>Samedi 28 juin<\/strong><\/p>\n\n\n\n<ul class=\"wp-block-list\">\n<li class=\"has-foreground-color has-text-color has-link-color wp-elements-9f6b4fb5593ce565e674fbea1cc7e477\"><strong><a href=\"https:\/\/umc74.com\/index.php\/projets\/village-musical\/\" data-type=\"page\" data-id=\"476\">Un village \u00ab\u00a0musical\u00a0\u00bb<\/a> <\/strong>pour petits et grands, permettant de d\u00e9couvrir la musique sous un angle interactif et ludique. Sur plus d\u2019une dizaine de stands, les visiteurs pourront explorer la gen\u00e8se du son, la fabrication d\u2019instruments, et m\u00eame diriger leur propre orchestre. Des interm\u00e8des jalonneront la journ\u00e9e\u00a0: concert de cors, fanfare de rue, carillon, conduis l\u2019orchestre comme le chef\u2026<\/li>\n\n\n\n<li><strong>Un concert-spectacle final in\u00e9dit<\/strong>, m\u00ealant musique et th\u00e9\u00e2tre, propos\u00e9 par l\u2019UMC pour lancer le festival en beaut\u00e9 et marquer son 130e anniversaire \u00e0 la fin de la journ\u00e9e sous le chapiteau de 450 places (entr\u00e9e libre).<\/li>\n<\/ul>\n\n\n\n<p><strong>Dimanche 29 juin<\/strong>&nbsp;<\/p>\n\n\n\n<p>15 harmonies, 500 musiciens se donnent rendez-vous pour partager des moments musicaux<\/p>\n\n\n\n<ul class=\"wp-block-list\">\n<li><strong>Aubades et concerts en ville<\/strong>, dans divers lieux d\u2019Annecy, pour faire r\u00e9sonner la musique dans tout le territoire de 9h30 \u00e0 11h30 \n<ul class=\"wp-block-list\">\n<li>Annecy Plage Albigny podiumAnnecy <\/li>\n\n\n\n<li>Kiosque Jardins de l\u2019EuropeAnnecy <\/li>\n\n\n\n<li>Place Ste claire Cran Gevrier <\/li>\n\n\n\n<li>place Jean MoulinAnnecy le Vieux <\/li>\n\n\n\n<li>Place Gabriel Faur\u00e9\/ Eglise (sortie messe de 9h30)<\/li>\n\n\n\n<li>Annecy Square Mugnier\/ EHPAD \u00ab&nbsp;La r\u00e9sidence heureuse&nbsp;\u00bb<\/li>\n<\/ul>\n<\/li>\n\n\n\n<li><strong>Grand d\u00e9fil\u00e9 des harmonies<\/strong>&nbsp;le long du lac, depuis le P\u00e2quier jusqu\u2019\u00e0 la plage d\u2019Albigny.<\/li>\n\n\n\n<li><strong>Concerts sous chapiteau<\/strong>&nbsp;avec les 15 harmonies participantes (Annecy, La Clusaz, Frangy, et bien d\u2019autres), r\u00e9unissant plus de&nbsp;<strong>500 musiciens<\/strong>&nbsp;pour un apr\u00e8s-midi de musique ininterrompue au bord la plage.<\/li>\n<\/ul>\n\n\n\n<p><strong>Un cadre convivial et accessible<\/strong><strong><\/strong><\/p>\n\n\n\n<p>Les festivit\u00e9s se d\u00e9rouleront pr\u00e8s de la plage d\u2019Albigny non loin de l\u2019h\u00f4tel Imp\u00e9rial \u00e0 Annecy, avec des infrastructures accueillantes : un chapiteau principal de 450 m\u00b2 (400 places), des espaces pour la restauration (stand de frites, repas conviviaux), et des installations d\u00e9di\u00e9es au village musical.<\/p>\n\n\n\n<p><strong>Un moment \u00e0 partager<\/strong><strong><\/strong><\/p>\n\n\n\n<p>L\u2019UMC souhaite faire de cet \u00e9v\u00e9nement un moment&nbsp;<strong>chaleureux, familial et ouvert \u00e0 tous<\/strong>, pour transmettre la passion de la musique au plus grand nombre. Que vous soyez m\u00e9lomane ou simple curieux, rejoignez-nous pour c\u00e9l\u00e9brer 130 ans de musique, de partage et d\u2019histoire commune \u00e0 l\u2019occasion du festival des musique du genevois&nbsp;!<\/p>\n\n\n\n<p><strong>Rendez-vous les 28 et 29 juin 2025, \u00e0 Annecy, pour un \u00e9v\u00e9nement inoubliable !<\/strong><\/p>\n\n\n\n<p><\/p>\n","protected":false},"excerpt":{"rendered":"<p>Dans le cadre du festival 2025 des musiques du genevois, l&#8217;UMC organise un village musical. Voici une petite description de ce qui va se passer se weekend l\u00e0 ! 130 [&hellip;]<\/p>\n","protected":false},"author":2,"featured_media":0,"parent":861,"menu_order":2,"comment_status":"closed","ping_status":"closed","template":"","meta":{"_EventAllDay":false,"_EventTimezone":"","_EventStartDate":"","_EventEndDate":"","_EventStartDateUTC":"","_EventEndDateUTC":"","_EventShowMap":false,"_EventShowMapLink":false,"_EventURL":"","_EventCost":"","_EventCostDescription":"","_EventCurrencySymbol":"","_EventCurrencyCode":"","_EventCurrencyPosition":"","_EventDateTimeSeparator":"","_EventTimeRangeSeparator":"","_EventOrganizerID":[],"_EventVenueID":[],"_OrganizerEmail":"","_OrganizerPhone":"","_OrganizerWebsite":"","_VenueAddress":"","_VenueCity":"","_VenueCountry":"","_VenueProvince":"","_VenueState":"","_VenueZip":"","_VenuePhone":"","_VenueURL":"","_VenueStateProvince":"","_VenueLat":"","_VenueLng":"","_VenueShowMap":false,"_VenueShowMapLink":false,"footnotes":""},"class_list":["post-38","page","type-page","status-publish","hentry"],"_links":{"self":[{"href":"https:\/\/umc74.com\/index.php\/wp-json\/wp\/v2\/pages\/38","targetHints":{"allow":["GET"]}}],"collection":[{"href":"https:\/\/umc74.com\/index.php\/wp-json\/wp\/v2\/pages"}],"about":[{"href":"https:\/\/umc74.com\/index.php\/wp-json\/wp\/v2\/types\/page"}],"author":[{"embeddable":true,"href":"https:\/\/umc74.com\/index.php\/wp-json\/wp\/v2\/users\/2"}],"replies":[{"embeddable":true,"href":"https:\/\/umc74.com\/index.php\/wp-json\/wp\/v2\/comments?post=38"}],"version-history":[{"count":14,"href":"https:\/\/umc74.com\/index.php\/wp-json\/wp\/v2\/pages\/38\/revisions"}],"predecessor-version":[{"id":662,"href":"https:\/\/umc74.com\/index.php\/wp-json\/wp\/v2\/pages\/38\/revisions\/662"}],"up":[{"embeddable":true,"href":"https:\/\/umc74.com\/index.php\/wp-json\/wp\/v2\/pages\/861"}],"wp:attachment":[{"href":"https:\/\/umc74.com\/index.php\/wp-json\/wp\/v2\/media?parent=38"}],"curies":[{"name":"wp","href":"https:\/\/api.w.org\/{rel}","templated":true}]}}