{"id":36,"date":"2024-07-01T14:04:45","date_gmt":"2024-07-01T12:04:45","guid":{"rendered":"http:\/\/umc74.com\/?page_id=36"},"modified":"2024-09-03T11:53:11","modified_gmt":"2024-09-03T09:53:11","slug":"lespace-des-forges","status":"publish","type":"page","link":"https:\/\/umc74.com\/index.php\/bienvenue-sur-le-site-de-lunion-musicale-de-cran\/lespace-des-forges\/","title":{"rendered":"L&#8217;espace des Forges"},"content":{"rendered":"\n<p>L&#8217;harmonie r\u00e9p\u00e8te tous les vendredis de 20h30 \u00e0 22h30.<\/p>\n\n\n\n<p>Pour cela, elle a la possibilit\u00e9 de r\u00e9p\u00e9ter dans un lieu au caract\u00e8re exceptionnel : l&#8217;espace des Forges.<\/p>\n\n\n\n<p>Il s&#8217;agit d&#8217;une ancienne chapelle d\u00e9sacralis\u00e9e. Ce lieu est mis gracieusement \u00e0 disposition des compagnies professionnelles du territoire pour des r\u00e9sidences d&#8217;artistes.<\/p>\n\n\n\n<p>Des \u00e9v\u00e8nements citoyens port\u00e9s par des acteurs locaux y sont \u00e9galement organis\u00e9s.<\/p>\n\n\n\n<figure class=\"wp-block-image size-large\"><img loading=\"lazy\" decoding=\"async\" width=\"1024\" height=\"678\" src=\"https:\/\/umc74.com\/wp-content\/uploads\/2024\/08\/UMC_avril2022-1-1024x678.jpg\" alt=\"\" class=\"wp-image-121\" srcset=\"https:\/\/umc74.com\/wp-content\/uploads\/2024\/08\/UMC_avril2022-1-1024x678.jpg 1024w, https:\/\/umc74.com\/wp-content\/uploads\/2024\/08\/UMC_avril2022-1-300x199.jpg 300w, https:\/\/umc74.com\/wp-content\/uploads\/2024\/08\/UMC_avril2022-1-768x509.jpg 768w, https:\/\/umc74.com\/wp-content\/uploads\/2024\/08\/UMC_avril2022-1-1536x1017.jpg 1536w, https:\/\/umc74.com\/wp-content\/uploads\/2024\/08\/UMC_avril2022-1-2048x1356.jpg 2048w\" sizes=\"auto, (max-width: 1024px) 100vw, 1024px\" \/><\/figure>\n","protected":false},"excerpt":{"rendered":"<p>L&#8217;harmonie r\u00e9p\u00e8te tous les vendredis de 20h30 \u00e0 22h30. Pour cela, elle a la possibilit\u00e9 de r\u00e9p\u00e9ter dans un lieu au caract\u00e8re exceptionnel : l&#8217;espace des Forges. Il s&#8217;agit d&#8217;une [&hellip;]<\/p>\n","protected":false},"author":2,"featured_media":0,"parent":14,"menu_order":4,"comment_status":"closed","ping_status":"closed","template":"","meta":{"_EventAllDay":false,"_EventTimezone":"","_EventStartDate":"","_EventEndDate":"","_EventStartDateUTC":"","_EventEndDateUTC":"","_EventShowMap":false,"_EventShowMapLink":false,"_EventURL":"","_EventCost":"","_EventCostDescription":"","_EventCurrencySymbol":"","_EventCurrencyCode":"","_EventCurrencyPosition":"","_EventDateTimeSeparator":"","_EventTimeRangeSeparator":"","_EventOrganizerID":[],"_EventVenueID":[],"_OrganizerEmail":"","_OrganizerPhone":"","_OrganizerWebsite":"","_VenueAddress":"","_VenueCity":"","_VenueCountry":"","_VenueProvince":"","_VenueState":"","_VenueZip":"","_VenuePhone":"","_VenueURL":"","_VenueStateProvince":"","_VenueLat":"","_VenueLng":"","_VenueShowMap":false,"_VenueShowMapLink":false,"footnotes":""},"class_list":["post-36","page","type-page","status-publish","hentry"],"_links":{"self":[{"href":"https:\/\/umc74.com\/index.php\/wp-json\/wp\/v2\/pages\/36","targetHints":{"allow":["GET"]}}],"collection":[{"href":"https:\/\/umc74.com\/index.php\/wp-json\/wp\/v2\/pages"}],"about":[{"href":"https:\/\/umc74.com\/index.php\/wp-json\/wp\/v2\/types\/page"}],"author":[{"embeddable":true,"href":"https:\/\/umc74.com\/index.php\/wp-json\/wp\/v2\/users\/2"}],"replies":[{"embeddable":true,"href":"https:\/\/umc74.com\/index.php\/wp-json\/wp\/v2\/comments?post=36"}],"version-history":[{"count":3,"href":"https:\/\/umc74.com\/index.php\/wp-json\/wp\/v2\/pages\/36\/revisions"}],"predecessor-version":[{"id":397,"href":"https:\/\/umc74.com\/index.php\/wp-json\/wp\/v2\/pages\/36\/revisions\/397"}],"up":[{"embeddable":true,"href":"https:\/\/umc74.com\/index.php\/wp-json\/wp\/v2\/pages\/14"}],"wp:attachment":[{"href":"https:\/\/umc74.com\/index.php\/wp-json\/wp\/v2\/media?parent=36"}],"curies":[{"name":"wp","href":"https:\/\/api.w.org\/{rel}","templated":true}]}}