{"id":26,"date":"2024-06-30T19:02:05","date_gmt":"2024-06-30T17:02:05","guid":{"rendered":"http:\/\/umc74.com\/?page_id=26"},"modified":"2024-08-20T20:03:15","modified_gmt":"2024-08-20T18:03:15","slug":"lorchestre","status":"publish","type":"page","link":"https:\/\/umc74.com\/index.php\/bienvenue-sur-le-site-de-lunion-musicale-de-cran\/lorchestre\/","title":{"rendered":"L&#8217;orchestre d&#8217;harmonie"},"content":{"rendered":"\n<p>L&#8217;orchestre de l&#8217;UMC est un orchestre d&#8217;harmonie.<\/p>\n\n\n\n<p>Un orchestre d&#8217;harmonie est un ensemble musical constitu\u00e9 principalement d&#8217;instruments \u00e0 vent et de percussions. Voici un aper\u00e7u des principales caract\u00e9ristiques et composantes d&#8217;un orchestre d&#8217;harmonie.<\/p>\n\n\n\n<div style=\"height:19px\" aria-hidden=\"true\" class=\"wp-block-spacer\"><\/div>\n\n\n\n<h3 class=\"wp-block-heading\">Composition de l&#8217;Orchestre d&#8217;Harmonie<\/h3>\n\n\n\n<div style=\"height:19px\" aria-hidden=\"true\" class=\"wp-block-spacer\"><\/div>\n\n\n\n<ol start=\"1\" class=\"wp-block-list\">\n<li><strong>Instruments \u00e0 Vent Bois<\/strong><\/li>\n<\/ol>\n\n\n\n<ul class=\"wp-block-list\">\n<li>Fl\u00fbtes (y compris piccolo)<\/li>\n\n\n\n<li>Hautbois<\/li>\n\n\n\n<li>Clarinettes (clarinettes en si b\u00e9mol, clarinettes basses, etc.)<\/li>\n\n\n\n<li>Bassons<\/li>\n\n\n\n<li>Saxophones (soprano, alto, t\u00e9nor, baryton)<\/li>\n<\/ul>\n\n\n\n<div style=\"height:19px\" aria-hidden=\"true\" class=\"wp-block-spacer\"><\/div>\n\n\n\n<ol start=\"2\" class=\"wp-block-list\">\n<li><strong>Instruments \u00e0 Vent Cuivres<\/strong><\/li>\n<\/ol>\n\n\n\n<ul class=\"wp-block-list\">\n<li>Trompettes<\/li>\n\n\n\n<li>Cors<\/li>\n\n\n\n<li>Trombones<\/li>\n\n\n\n<li>Euphoniums<\/li>\n\n\n\n<li>Tubas<\/li>\n<\/ul>\n\n\n\n<div style=\"height:19px\" aria-hidden=\"true\" class=\"wp-block-spacer\"><\/div>\n\n\n\n<ol start=\"3\" class=\"wp-block-list\">\n<li><strong>Instruments \u00e0 Percussion<\/strong><\/li>\n<\/ol>\n\n\n\n<ul class=\"wp-block-list\">\n<li>Batterie<\/li>\n\n\n\n<li>Xylophone, marimba, vibraphone<\/li>\n\n\n\n<li>Tambour, caisse claire, cymbales, timbales<\/li>\n\n\n\n<li>Divers instruments de percussion (triangles, maracas, etc.)<\/li>\n<\/ul>\n\n\n\n<div style=\"height:19px\" aria-hidden=\"true\" class=\"wp-block-spacer\"><\/div>\n\n\n\n<h3 class=\"wp-block-heading\">R\u00e9pertoire et Fonctions<\/h3>\n\n\n\n<div style=\"height:19px\" aria-hidden=\"true\" class=\"wp-block-spacer\"><\/div>\n\n\n\n<ul class=\"wp-block-list\">\n<li><strong>R\u00e9pertoire<\/strong> : Le r\u00e9pertoire d&#8217;un orchestre d&#8217;harmonie est tr\u00e8s vari\u00e9. Il inclut des \u0153uvres originales \u00e9crites sp\u00e9cifiquement pour ce type d&#8217;ensemble, des transcriptions d&#8217;\u0153uvres classiques, de la musique de film, des marches militaires, des pi\u00e8ces de jazz, de la musique populaire et des compositions contemporaines.<\/li>\n\n\n\n<li><strong>Fonctions<\/strong> : Les orchestres d&#8217;harmonie participent \u00e0 diverses manifestations publiques, notamment des concerts, des d\u00e9fil\u00e9s, des c\u00e9r\u00e9monies officielles, des festivals et des \u00e9v\u00e9nements communautaires. Ils jouent un r\u00f4le important dans l&#8217;animation de la vie culturelle locale.<\/li>\n<\/ul>\n\n\n\n<div style=\"height:19px\" aria-hidden=\"true\" class=\"wp-block-spacer\"><\/div>\n\n\n\n<h3 class=\"wp-block-heading\">Structure et Organisation<\/h3>\n\n\n\n<div style=\"height:19px\" aria-hidden=\"true\" class=\"wp-block-spacer\"><\/div>\n\n\n\n<ul class=\"wp-block-list\">\n<li><strong>Chef d&#8217;Orchestre<\/strong> : L&#8217;orchestre est dirig\u00e9 par un chef d&#8217;orchestre, qui est responsable de la pr\u00e9paration des r\u00e9p\u00e9titions, de la direction des concerts et souvent de la s\u00e9lection du r\u00e9pertoire.<\/li>\n\n\n\n<li><strong>R\u00e9p\u00e9titions<\/strong> : Les membres de l&#8217;orchestre se r\u00e9unissent r\u00e9guli\u00e8rement pour des r\u00e9p\u00e9titions, o\u00f9 ils travaillent sur leur r\u00e9pertoire et perfectionnent leur interpr\u00e9tation collective.<\/li>\n\n\n\n<li><strong>Membres<\/strong> : Les membres d&#8217;un orchestre d&#8217;harmonie sont g\u00e9n\u00e9ralement des musiciens amateurs, bien que des professionnels puissent \u00e9galement y participer. L&#8217;\u00e2ge et le niveau des musiciens peuvent varier consid\u00e9rablement.<\/li>\n<\/ul>\n\n\n\n<div style=\"height:19px\" aria-hidden=\"true\" class=\"wp-block-spacer\"><\/div>\n\n\n\n<h3 class=\"wp-block-heading\">Distinction avec d&#8217;autres Ensembles<\/h3>\n\n\n\n<div style=\"height:19px\" aria-hidden=\"true\" class=\"wp-block-spacer\"><\/div>\n\n\n\n<p>Contrairement aux orchestres symphoniques, qui comprennent des instruments \u00e0 cordes (violons, altos, violoncelles, contrebasses), les orchestres d&#8217;harmonie se concentrent sur les instruments \u00e0 vent et les percussions. Cela leur donne une sonorit\u00e9 distincte et une flexibilit\u00e9 pour jouer en plein air ou dans des contextes o\u00f9 un orchestre symphonique complet ne serait pas pratique.<\/p>\n\n\n\n<p>En r\u00e9sum\u00e9, un orchestre d&#8217;harmonie est un ensemble instrumental diversifi\u00e9 qui joue un large \u00e9ventail de musique et occupe une place centrale dans l&#8217;animation culturelle et sociale des communaut\u00e9s.<\/p>\n","protected":false},"excerpt":{"rendered":"<p>L&#8217;orchestre de l&#8217;UMC est un orchestre d&#8217;harmonie. Un orchestre d&#8217;harmonie est un ensemble musical constitu\u00e9 principalement d&#8217;instruments \u00e0 vent et de percussions. Voici un aper\u00e7u des principales caract\u00e9ristiques et composantes [&hellip;]<\/p>\n","protected":false},"author":2,"featured_media":0,"parent":14,"menu_order":3,"comment_status":"closed","ping_status":"closed","template":"","meta":{"_EventAllDay":false,"_EventTimezone":"","_EventStartDate":"","_EventEndDate":"","_EventStartDateUTC":"","_EventEndDateUTC":"","_EventShowMap":false,"_EventShowMapLink":false,"_EventURL":"","_EventCost":"","_EventCostDescription":"","_EventCurrencySymbol":"","_EventCurrencyCode":"","_EventCurrencyPosition":"","_EventDateTimeSeparator":"","_EventTimeRangeSeparator":"","_EventOrganizerID":[],"_EventVenueID":[],"_OrganizerEmail":"","_OrganizerPhone":"","_OrganizerWebsite":"","_VenueAddress":"","_VenueCity":"","_VenueCountry":"","_VenueProvince":"","_VenueState":"","_VenueZip":"","_VenuePhone":"","_VenueURL":"","_VenueStateProvince":"","_VenueLat":"","_VenueLng":"","_VenueShowMap":false,"_VenueShowMapLink":false,"footnotes":""},"class_list":["post-26","page","type-page","status-publish","hentry"],"_links":{"self":[{"href":"https:\/\/umc74.com\/index.php\/wp-json\/wp\/v2\/pages\/26","targetHints":{"allow":["GET"]}}],"collection":[{"href":"https:\/\/umc74.com\/index.php\/wp-json\/wp\/v2\/pages"}],"about":[{"href":"https:\/\/umc74.com\/index.php\/wp-json\/wp\/v2\/types\/page"}],"author":[{"embeddable":true,"href":"https:\/\/umc74.com\/index.php\/wp-json\/wp\/v2\/users\/2"}],"replies":[{"embeddable":true,"href":"https:\/\/umc74.com\/index.php\/wp-json\/wp\/v2\/comments?post=26"}],"version-history":[{"count":5,"href":"https:\/\/umc74.com\/index.php\/wp-json\/wp\/v2\/pages\/26\/revisions"}],"predecessor-version":[{"id":320,"href":"https:\/\/umc74.com\/index.php\/wp-json\/wp\/v2\/pages\/26\/revisions\/320"}],"up":[{"embeddable":true,"href":"https:\/\/umc74.com\/index.php\/wp-json\/wp\/v2\/pages\/14"}],"wp:attachment":[{"href":"https:\/\/umc74.com\/index.php\/wp-json\/wp\/v2\/media?parent=26"}],"curies":[{"name":"wp","href":"https:\/\/api.w.org\/{rel}","templated":true}]}}