{"id":24,"date":"2024-06-30T18:52:57","date_gmt":"2024-06-30T16:52:57","guid":{"rendered":"http:\/\/umc74.com\/?page_id=24"},"modified":"2025-12-03T18:35:29","modified_gmt":"2025-12-03T17:35:29","slug":"un-peu-dhistoire","status":"publish","type":"page","link":"https:\/\/umc74.com\/index.php\/bienvenue-sur-le-site-de-lunion-musicale-de-cran\/un-peu-dhistoire\/","title":{"rendered":"Un peu d&#8217;Histoire"},"content":{"rendered":"\n<p>Cr\u00e9\u00e9e en 1895, l&#8217;Union Musicale de Cran-Gevrier (UMC) naissait sous le nom de la Lyre Industrielle. Elle est la plus vieille association de la commune d\u00e9l\u00e9gu\u00e9e de Cran-Gevrier et \u00e0 l&#8217;\u00e9poque, il s&#8217;agissait d&#8217;une fanfare.<\/p>\n\n\n\n<p><\/p>\n\n\n\n<p>L&#8217;UMC a \u00e9t\u00e9 officiellement cr\u00e9\u00e9e en 1921 ; cette harmonie municipale a pour vocation de promouvoir la musique et la culture musicale au sein de la communaut\u00e9 locale.<\/p>\n\n\n\n<p><\/p>\n\n\n\n<p><\/p>\n\n\n\n<div style=\"height:20px\" aria-hidden=\"true\" class=\"wp-block-spacer\"><\/div>\n\n\n\n<h3 class=\"wp-block-heading\">Historique et Activit\u00e9s<\/h3>\n\n\n\n<div style=\"height:20px\" aria-hidden=\"true\" class=\"wp-block-spacer\"><\/div>\n\n\n\n<ul class=\"wp-block-list\">\n<li><strong>Fondation et Evolution<\/strong> : Cr\u00e9\u00e9e en 1921, l&#8217;UMC a \u00e9volu\u00e9 au fil des d\u00e9cennies pour s&#8217;adapter aux besoins et aux go\u00fbts musicaux des diff\u00e9rentes \u00e9poques. Elle a su maintenir une pr\u00e9sence active dans la vie culturelle de la commune. Aujourd&#8217;hui, environ 60 musiciens composent cet ensemble.<\/li>\n\n\n\n<li><strong>Activit\u00e9s<\/strong> : L&#8217;association propose une vari\u00e9t\u00e9 d&#8217;activit\u00e9s musicales incluant des r\u00e9p\u00e9titions hebdomadaires, des concerts, des participations \u00e0 des \u00e9v\u00e9nements locaux et r\u00e9gionaux, ainsi que des \u00e9changes avec d&#8217;autres harmonies et ensembles musicaux. Sollicit\u00e9e pour les comm\u00e9morations et \u00e9v\u00e9nements officiels, jumelages, feux d&#8217;artifices. L&#8217;UMC m\u00e8ne aussi des projets ambitieux de styles tr\u00e8s vari\u00e9s, seule ou en collaboration avec d&#8217;autres entit\u00e9s associatives et culturelles : Un air d&#8217;Op\u00e9ra (Orchestre, Choeurs et Solistes), La Pastorale (avec les Escholiers d&#8217;Annecy), Concert Rock (Pink Floyd, Queen) et derni\u00e8rement participation au festival du film d&#8217;animation d&#8217;Annecy.<\/li>\n<\/ul>\n\n\n\n<div style=\"height:0px\" aria-hidden=\"true\" class=\"wp-block-spacer\"><\/div>\n\n\n\n<figure class=\"wp-block-image size-full\"><img loading=\"lazy\" decoding=\"async\" width=\"830\" height=\"673\" src=\"https:\/\/umc74.com\/wp-content\/uploads\/2025\/03\/Journal-Officiel_Association-UMC-1921.jpg\" alt=\"\" class=\"wp-image-702\" srcset=\"https:\/\/umc74.com\/wp-content\/uploads\/2025\/03\/Journal-Officiel_Association-UMC-1921.jpg 830w, https:\/\/umc74.com\/wp-content\/uploads\/2025\/03\/Journal-Officiel_Association-UMC-1921-300x243.jpg 300w, https:\/\/umc74.com\/wp-content\/uploads\/2025\/03\/Journal-Officiel_Association-UMC-1921-768x623.jpg 768w\" sizes=\"auto, (max-width: 830px) 100vw, 830px\" \/><\/figure>\n\n\n\n<h3 class=\"wp-block-heading\">Ensemble et R\u00e9pertoire<\/h3>\n\n\n\n<div style=\"height:20px\" aria-hidden=\"true\" class=\"wp-block-spacer\"><\/div>\n\n\n\n<ul class=\"wp-block-list\">\n<li><strong>Orchestre d&#8217;Harmonie<\/strong> : L&#8217;orchestre d&#8217;harmonie de l&#8217;UMC est compos\u00e9 de musiciens amateurs de tous \u00e2ges. Cet ensemble interpr\u00e8te un r\u00e9pertoire vari\u00e9 allant de la musique classique aux compositions contemporaines, en passant par des pi\u00e8ces de musique de film, des \u0153uvres populaires et des compositions originales pour harmonie.<\/li>\n\n\n\n<li><strong>Concerts et Manifestations<\/strong> : L&#8217;UMC organise r\u00e9guli\u00e8rement des concerts, notamment des concerts de printemps et d&#8217;automne, ainsi que des prestations lors de festivit\u00e9s locales comme les f\u00eates de la musique, les c\u00e9r\u00e9monies officielles et divers \u00e9v\u00e9nements communautaires<\/li>\n<\/ul>\n\n\n\n<p><\/p>\n\n\n\n<p>L&#8217;UMC contribue de mani\u00e8re significative \u00e0 la vie culturelle d&#8217;Annecy. Elle offre aux musiciens locaux la possibilit\u00e9 d&#8217;exprimer leur talent et de partager leur passion pour la musique. De plus, elle renforce le lien social en rassemblant des personnes autour d&#8217;une passion commune et en animant la vie locale \u00e0 travers ses diverses prestations. <\/p>\n\n\n\n<p class=\"has-text-align-center\">La musique par tous, la musique pour tous !<\/p>\n\n\n\n<div style=\"height:20px\" aria-hidden=\"true\" class=\"wp-block-spacer\"><\/div>\n\n\n\n<figure class=\"wp-block-image size-large\"><img loading=\"lazy\" decoding=\"async\" width=\"1024\" height=\"683\" src=\"https:\/\/umc74.com\/wp-content\/uploads\/2025\/08\/Concert-Annecy_Andre-Lechner_1-1024x683.jpg\" alt=\"\" class=\"wp-image-941\" srcset=\"https:\/\/umc74.com\/wp-content\/uploads\/2025\/08\/Concert-Annecy_Andre-Lechner_1-1024x683.jpg 1024w, https:\/\/umc74.com\/wp-content\/uploads\/2025\/08\/Concert-Annecy_Andre-Lechner_1-300x200.jpg 300w, https:\/\/umc74.com\/wp-content\/uploads\/2025\/08\/Concert-Annecy_Andre-Lechner_1-768x512.jpg 768w, https:\/\/umc74.com\/wp-content\/uploads\/2025\/08\/Concert-Annecy_Andre-Lechner_1-1536x1024.jpg 1536w, https:\/\/umc74.com\/wp-content\/uploads\/2025\/08\/Concert-Annecy_Andre-Lechner_1.jpg 1920w\" sizes=\"auto, (max-width: 1024px) 100vw, 1024px\" \/><figcaption class=\"wp-element-caption\">Cr\u00e9dit photo : Andr\u00e9 Lechner<\/figcaption><\/figure>\n","protected":false},"excerpt":{"rendered":"<p>Cr\u00e9\u00e9e en 1895, l&#8217;Union Musicale de Cran-Gevrier (UMC) naissait sous le nom de la Lyre Industrielle. Elle est la plus vieille association de la commune d\u00e9l\u00e9gu\u00e9e de Cran-Gevrier et \u00e0 [&hellip;]<\/p>\n","protected":false},"author":2,"featured_media":0,"parent":14,"menu_order":1,"comment_status":"closed","ping_status":"closed","template":"","meta":{"_EventAllDay":false,"_EventTimezone":"","_EventStartDate":"","_EventEndDate":"","_EventStartDateUTC":"","_EventEndDateUTC":"","_EventShowMap":false,"_EventShowMapLink":false,"_EventURL":"","_EventCost":"","_EventCostDescription":"","_EventCurrencySymbol":"","_EventCurrencyCode":"","_EventCurrencyPosition":"","_EventDateTimeSeparator":"","_EventTimeRangeSeparator":"","_EventOrganizerID":[],"_EventVenueID":[],"_OrganizerEmail":"","_OrganizerPhone":"","_OrganizerWebsite":"","_VenueAddress":"","_VenueCity":"","_VenueCountry":"","_VenueProvince":"","_VenueState":"","_VenueZip":"","_VenuePhone":"","_VenueURL":"","_VenueStateProvince":"","_VenueLat":"","_VenueLng":"","_VenueShowMap":false,"_VenueShowMapLink":false,"footnotes":""},"class_list":["post-24","page","type-page","status-publish","hentry"],"_links":{"self":[{"href":"https:\/\/umc74.com\/index.php\/wp-json\/wp\/v2\/pages\/24","targetHints":{"allow":["GET"]}}],"collection":[{"href":"https:\/\/umc74.com\/index.php\/wp-json\/wp\/v2\/pages"}],"about":[{"href":"https:\/\/umc74.com\/index.php\/wp-json\/wp\/v2\/types\/page"}],"author":[{"embeddable":true,"href":"https:\/\/umc74.com\/index.php\/wp-json\/wp\/v2\/users\/2"}],"replies":[{"embeddable":true,"href":"https:\/\/umc74.com\/index.php\/wp-json\/wp\/v2\/comments?post=24"}],"version-history":[{"count":14,"href":"https:\/\/umc74.com\/index.php\/wp-json\/wp\/v2\/pages\/24\/revisions"}],"predecessor-version":[{"id":1061,"href":"https:\/\/umc74.com\/index.php\/wp-json\/wp\/v2\/pages\/24\/revisions\/1061"}],"up":[{"embeddable":true,"href":"https:\/\/umc74.com\/index.php\/wp-json\/wp\/v2\/pages\/14"}],"wp:attachment":[{"href":"https:\/\/umc74.com\/index.php\/wp-json\/wp\/v2\/media?parent=24"}],"curies":[{"name":"wp","href":"https:\/\/api.w.org\/{rel}","templated":true}]}}