{"id":167,"date":"2024-08-20T13:27:23","date_gmt":"2024-08-20T11:27:23","guid":{"rendered":"https:\/\/umc74.com\/?page_id=167"},"modified":"2025-08-19T14:28:52","modified_gmt":"2025-08-19T12:28:52","slug":"festival-international-du-film-danimation","status":"publish","type":"page","link":"https:\/\/umc74.com\/index.php\/projets\/festival-international-du-film-danimation\/","title":{"rendered":"Festival International du Film d&#8217;Animation"},"content":{"rendered":"\n<p><strong>Depuis 4 ans, l&#8217;UMC se produit sur le P\u00e2quier dans le cadre du Festival International du Film d&#8217;Animation qui a lieu chaque ann\u00e9e \u00e0 Annecy.<\/strong><br><br><\/p>\n\n\n\n<h2 class=\"wp-block-heading\">2025<\/h2>\n\n\n\n<p><strong>Programme musical :<\/strong><\/p>\n\n\n\n<p>&#8211; Take on Me<br>&#8211; The Adventures of Tintin, The Secret Of The Unicorn<br>&#8211; Pixar Movie Magic\u00a0arrang\u00e9 par Michael Brown<br>&#8211; Selection from Mohana<br>&#8211; Happy (Moi, moche et m\u00e9chant 2)<br>&#8211; Can You Feel the Love Tonight (Le Roi Lion)<br>&#8211; How to train your Dragon<\/p>\n\n\n\n<figure class=\"wp-block-image size-large\"><img loading=\"lazy\" decoding=\"async\" width=\"1024\" height=\"380\" src=\"https:\/\/umc74.com\/wp-content\/uploads\/2025\/08\/FIFA-2025-1024x380.jpg\" alt=\"\" class=\"wp-image-867\" srcset=\"https:\/\/umc74.com\/wp-content\/uploads\/2025\/08\/FIFA-2025-1024x380.jpg 1024w, https:\/\/umc74.com\/wp-content\/uploads\/2025\/08\/FIFA-2025-300x111.jpg 300w, https:\/\/umc74.com\/wp-content\/uploads\/2025\/08\/FIFA-2025-768x285.jpg 768w, https:\/\/umc74.com\/wp-content\/uploads\/2025\/08\/FIFA-2025-1536x569.jpg 1536w, https:\/\/umc74.com\/wp-content\/uploads\/2025\/08\/FIFA-2025.jpg 1538w\" sizes=\"auto, (max-width: 1024px) 100vw, 1024px\" \/><\/figure>\n\n\n\n<h2 class=\"wp-block-heading\">2024<\/h2>\n\n\n\n<p><strong>Programme musical :<\/strong><\/p>\n\n\n\n<p>&#8211; Happy (Moi, moche et m\u00e9chant 2)<br> &#8211; Dragons, compos\u00e9 par John Powell, arrang\u00e9 par Sean O&#8217;Loughlin<br>&#8211; Mon voisin Totoro, compos\u00e9 par Joe Hisaishi<br>&#8211; Pixar Movie Magic (extraits de : Les Indestructibles, L\u00e0-haut, Ratatouille, Cars, Toy Story)<br>&#8211; &#8220;Lib\u00e9r\u00e9e, d\u00e9livr\u00e9e&#8221; (La Reine des neiges)<\/p>\n\n\n\n<div style=\"height:16px\" aria-hidden=\"true\" class=\"wp-block-spacer\"><\/div>\n\n\n\n<figure class=\"wp-block-image aligncenter size-large is-resized\"><img loading=\"lazy\" decoding=\"async\" width=\"724\" height=\"1024\" src=\"https:\/\/umc74.com\/wp-content\/uploads\/2024\/08\/FIFA-2024-724x1024.jpg\" alt=\"\" class=\"wp-image-177\" style=\"width:370px;height:auto\" srcset=\"https:\/\/umc74.com\/wp-content\/uploads\/2024\/08\/FIFA-2024-724x1024.jpg 724w, https:\/\/umc74.com\/wp-content\/uploads\/2024\/08\/FIFA-2024-212x300.jpg 212w, https:\/\/umc74.com\/wp-content\/uploads\/2024\/08\/FIFA-2024-768x1087.jpg 768w, https:\/\/umc74.com\/wp-content\/uploads\/2024\/08\/FIFA-2024.jpg 1080w\" sizes=\"auto, (max-width: 724px) 100vw, 724px\" \/><\/figure>\n\n\n\n<figure class=\"wp-block-gallery has-nested-images columns-default is-cropped wp-block-gallery-1 is-layout-flex wp-block-gallery-is-layout-flex\">\n<figure class=\"wp-block-image size-large\"><img loading=\"lazy\" decoding=\"async\" width=\"1024\" height=\"683\" data-id=\"178\" src=\"https:\/\/umc74.com\/wp-content\/uploads\/2024\/08\/FA_-616-1024x683.jpg\" alt=\"\" class=\"wp-image-178\" srcset=\"https:\/\/umc74.com\/wp-content\/uploads\/2024\/08\/FA_-616-1024x683.jpg 1024w, https:\/\/umc74.com\/wp-content\/uploads\/2024\/08\/FA_-616-300x200.jpg 300w, https:\/\/umc74.com\/wp-content\/uploads\/2024\/08\/FA_-616-768x512.jpg 768w, https:\/\/umc74.com\/wp-content\/uploads\/2024\/08\/FA_-616-1536x1024.jpg 1536w, https:\/\/umc74.com\/wp-content\/uploads\/2024\/08\/FA_-616-2048x1365.jpg 2048w\" sizes=\"auto, (max-width: 1024px) 100vw, 1024px\" \/><\/figure>\n\n\n\n<figure class=\"wp-block-image size-large\"><img loading=\"lazy\" decoding=\"async\" width=\"1024\" height=\"683\" data-id=\"181\" src=\"https:\/\/umc74.com\/wp-content\/uploads\/2024\/08\/FA_-625-1024x683.jpg\" alt=\"\" class=\"wp-image-181\" srcset=\"https:\/\/umc74.com\/wp-content\/uploads\/2024\/08\/FA_-625-1024x683.jpg 1024w, https:\/\/umc74.com\/wp-content\/uploads\/2024\/08\/FA_-625-300x200.jpg 300w, https:\/\/umc74.com\/wp-content\/uploads\/2024\/08\/FA_-625-768x512.jpg 768w, https:\/\/umc74.com\/wp-content\/uploads\/2024\/08\/FA_-625-1536x1024.jpg 1536w, https:\/\/umc74.com\/wp-content\/uploads\/2024\/08\/FA_-625-2048x1365.jpg 2048w\" sizes=\"auto, (max-width: 1024px) 100vw, 1024px\" \/><\/figure>\n\n\n\n<figure class=\"wp-block-image size-large\"><img loading=\"lazy\" decoding=\"async\" width=\"1024\" height=\"683\" data-id=\"180\" src=\"https:\/\/umc74.com\/wp-content\/uploads\/2024\/08\/FA_-630-1024x683.jpg\" alt=\"\" class=\"wp-image-180\" srcset=\"https:\/\/umc74.com\/wp-content\/uploads\/2024\/08\/FA_-630-1024x683.jpg 1024w, https:\/\/umc74.com\/wp-content\/uploads\/2024\/08\/FA_-630-300x200.jpg 300w, https:\/\/umc74.com\/wp-content\/uploads\/2024\/08\/FA_-630-768x512.jpg 768w, https:\/\/umc74.com\/wp-content\/uploads\/2024\/08\/FA_-630-1536x1024.jpg 1536w, https:\/\/umc74.com\/wp-content\/uploads\/2024\/08\/FA_-630-2048x1365.jpg 2048w\" sizes=\"auto, (max-width: 1024px) 100vw, 1024px\" \/><\/figure>\n\n\n\n<figure class=\"wp-block-image size-large\"><img loading=\"lazy\" decoding=\"async\" width=\"1024\" height=\"683\" data-id=\"183\" src=\"https:\/\/umc74.com\/wp-content\/uploads\/2024\/08\/FA_-636-1024x683.jpg\" alt=\"\" class=\"wp-image-183\" srcset=\"https:\/\/umc74.com\/wp-content\/uploads\/2024\/08\/FA_-636-1024x683.jpg 1024w, https:\/\/umc74.com\/wp-content\/uploads\/2024\/08\/FA_-636-300x200.jpg 300w, https:\/\/umc74.com\/wp-content\/uploads\/2024\/08\/FA_-636-768x512.jpg 768w, https:\/\/umc74.com\/wp-content\/uploads\/2024\/08\/FA_-636-1536x1024.jpg 1536w, https:\/\/umc74.com\/wp-content\/uploads\/2024\/08\/FA_-636-2048x1365.jpg 2048w\" sizes=\"auto, (max-width: 1024px) 100vw, 1024px\" \/><\/figure>\n<\/figure>\n\n\n\n<figure class=\"wp-block-image size-large\"><img loading=\"lazy\" decoding=\"async\" width=\"1024\" height=\"683\" src=\"https:\/\/umc74.com\/wp-content\/uploads\/2024\/08\/FA_-611-1024x683.jpg\" alt=\"\" class=\"wp-image-179\" srcset=\"https:\/\/umc74.com\/wp-content\/uploads\/2024\/08\/FA_-611-1024x683.jpg 1024w, https:\/\/umc74.com\/wp-content\/uploads\/2024\/08\/FA_-611-300x200.jpg 300w, https:\/\/umc74.com\/wp-content\/uploads\/2024\/08\/FA_-611-768x512.jpg 768w, https:\/\/umc74.com\/wp-content\/uploads\/2024\/08\/FA_-611-1536x1024.jpg 1536w, https:\/\/umc74.com\/wp-content\/uploads\/2024\/08\/FA_-611-2048x1365.jpg 2048w\" sizes=\"auto, (max-width: 1024px) 100vw, 1024px\" \/><figcaption class=\"wp-element-caption\">Cr\u00e9dits photos : T\u00e9o Jaffre<\/figcaption><\/figure>\n\n\n\n<h2 class=\"wp-block-heading\">2023<\/h2>\n\n\n\n<p><strong>Programme musical :<\/strong><\/p>\n\n\n\n<p>&#8211; Happy (Moi, moche et m\u00e9chant 2)<br>&#8211; Remember Me (Coco)<br>&#8211; Pixar Movie Magic (extraits de : Les Indestructibles, L\u00e0-haut, Ratatouille, Cars, Toy Story)<br>&#8211; Chicken Run<br>&#8211; Selections from Princess Mononoke<br>&#8211; &#8220;Lib\u00e9r\u00e9e, d\u00e9livr\u00e9e&#8221; (La Reine des neiges)<\/p>\n\n\n\n<div style=\"height:16px\" aria-hidden=\"true\" class=\"wp-block-spacer\"><\/div>\n\n\n\n<figure class=\"wp-block-image aligncenter size-full is-resized\"><img loading=\"lazy\" decoding=\"async\" width=\"960\" height=\"502\" src=\"https:\/\/umc74.com\/wp-content\/uploads\/2024\/08\/FIFA-2023.jpg\" alt=\"\" class=\"wp-image-176\" style=\"width:505px;height:auto\" srcset=\"https:\/\/umc74.com\/wp-content\/uploads\/2024\/08\/FIFA-2023.jpg 960w, https:\/\/umc74.com\/wp-content\/uploads\/2024\/08\/FIFA-2023-300x157.jpg 300w, https:\/\/umc74.com\/wp-content\/uploads\/2024\/08\/FIFA-2023-768x402.jpg 768w\" sizes=\"auto, (max-width: 960px) 100vw, 960px\" \/><\/figure>\n\n\n\n<figure class=\"wp-block-gallery has-nested-images columns-default is-cropped wp-block-gallery-2 is-layout-flex wp-block-gallery-is-layout-flex\">\n<figure class=\"wp-block-image size-large\"><img loading=\"lazy\" decoding=\"async\" width=\"1024\" height=\"683\" data-id=\"172\" src=\"https:\/\/umc74.com\/wp-content\/uploads\/2024\/08\/DSC_4673-1024x683.jpg\" alt=\"\" class=\"wp-image-172\" srcset=\"https:\/\/umc74.com\/wp-content\/uploads\/2024\/08\/DSC_4673-1024x683.jpg 1024w, https:\/\/umc74.com\/wp-content\/uploads\/2024\/08\/DSC_4673-300x200.jpg 300w, https:\/\/umc74.com\/wp-content\/uploads\/2024\/08\/DSC_4673-768x512.jpg 768w, https:\/\/umc74.com\/wp-content\/uploads\/2024\/08\/DSC_4673-1536x1024.jpg 1536w, https:\/\/umc74.com\/wp-content\/uploads\/2024\/08\/DSC_4673-2048x1366.jpg 2048w\" sizes=\"auto, (max-width: 1024px) 100vw, 1024px\" \/><\/figure>\n\n\n\n<figure class=\"wp-block-image size-large\"><img loading=\"lazy\" decoding=\"async\" width=\"1024\" height=\"683\" data-id=\"175\" src=\"https:\/\/umc74.com\/wp-content\/uploads\/2024\/08\/DSC_4676-1024x683.jpg\" alt=\"\" class=\"wp-image-175\" srcset=\"https:\/\/umc74.com\/wp-content\/uploads\/2024\/08\/DSC_4676-1024x683.jpg 1024w, https:\/\/umc74.com\/wp-content\/uploads\/2024\/08\/DSC_4676-300x200.jpg 300w, https:\/\/umc74.com\/wp-content\/uploads\/2024\/08\/DSC_4676-768x512.jpg 768w, https:\/\/umc74.com\/wp-content\/uploads\/2024\/08\/DSC_4676-1536x1024.jpg 1536w, https:\/\/umc74.com\/wp-content\/uploads\/2024\/08\/DSC_4676-2048x1366.jpg 2048w\" sizes=\"auto, (max-width: 1024px) 100vw, 1024px\" \/><\/figure>\n\n\n\n<figure class=\"wp-block-image size-large\"><img loading=\"lazy\" decoding=\"async\" width=\"1024\" height=\"683\" data-id=\"173\" src=\"https:\/\/umc74.com\/wp-content\/uploads\/2024\/08\/DSC_4727-1024x683.jpg\" alt=\"\" class=\"wp-image-173\" srcset=\"https:\/\/umc74.com\/wp-content\/uploads\/2024\/08\/DSC_4727-1024x683.jpg 1024w, https:\/\/umc74.com\/wp-content\/uploads\/2024\/08\/DSC_4727-300x200.jpg 300w, https:\/\/umc74.com\/wp-content\/uploads\/2024\/08\/DSC_4727-768x512.jpg 768w, https:\/\/umc74.com\/wp-content\/uploads\/2024\/08\/DSC_4727-1536x1024.jpg 1536w, https:\/\/umc74.com\/wp-content\/uploads\/2024\/08\/DSC_4727-2048x1366.jpg 2048w\" sizes=\"auto, (max-width: 1024px) 100vw, 1024px\" \/><\/figure>\n\n\n\n<figure class=\"wp-block-image size-large is-style-default\"><img loading=\"lazy\" decoding=\"async\" width=\"1024\" height=\"683\" data-id=\"174\" src=\"https:\/\/umc74.com\/wp-content\/uploads\/2024\/08\/DSC_4688-1024x683.jpg\" alt=\"\" class=\"wp-image-174\" srcset=\"https:\/\/umc74.com\/wp-content\/uploads\/2024\/08\/DSC_4688-1024x683.jpg 1024w, https:\/\/umc74.com\/wp-content\/uploads\/2024\/08\/DSC_4688-300x200.jpg 300w, https:\/\/umc74.com\/wp-content\/uploads\/2024\/08\/DSC_4688-768x512.jpg 768w, https:\/\/umc74.com\/wp-content\/uploads\/2024\/08\/DSC_4688-1536x1024.jpg 1536w, https:\/\/umc74.com\/wp-content\/uploads\/2024\/08\/DSC_4688-2048x1366.jpg 2048w\" sizes=\"auto, (max-width: 1024px) 100vw, 1024px\" \/><\/figure>\n<figcaption class=\"blocks-gallery-caption wp-element-caption\">Cr\u00e9dits photos : Quentin Trillot<\/figcaption><\/figure>\n\n\n\n<h2 class=\"wp-block-heading\">2022<\/h2>\n\n\n\n<p><strong>Programme musical :<\/strong><\/p>\n\n\n\n<p>&#8211; Mon voisin Totoro, compos\u00e9 par Joe Hisaishi<br>&#8211; Chicken Run, compos\u00e9 par John Powell et Harry Gregson-Williams, arrang\u00e9 par Paul Murtha<br>&#8211; L&#8217;\u00c9trange No\u00ebl de monsieur Jack, compos\u00e9 par Danny Elfman, arrang\u00e9 par Michael Brown<br>&#8211; Medley Disney at the Movies, arrang\u00e9 par John Higgins<br>&#8211; Dragons, compos\u00e9 par John Powell, arrang\u00e9 par Sean O&#8217;Loughlin<\/p>\n\n\n\n<div style=\"height:16px\" aria-hidden=\"true\" class=\"wp-block-spacer\"><\/div>\n\n\n\n<figure class=\"wp-block-image aligncenter size-full is-resized\"><img loading=\"lazy\" decoding=\"async\" width=\"615\" height=\"900\" src=\"https:\/\/umc74.com\/wp-content\/uploads\/2024\/08\/FIFA-2022.jpg\" alt=\"\" class=\"wp-image-185\" style=\"width:390px;height:auto\" srcset=\"https:\/\/umc74.com\/wp-content\/uploads\/2024\/08\/FIFA-2022.jpg 615w, https:\/\/umc74.com\/wp-content\/uploads\/2024\/08\/FIFA-2022-205x300.jpg 205w\" sizes=\"auto, (max-width: 615px) 100vw, 615px\" \/><\/figure>\n\n\n\n<figure class=\"wp-block-gallery has-nested-images columns-default is-cropped wp-block-gallery-3 is-layout-flex wp-block-gallery-is-layout-flex\">\n<figure class=\"wp-block-image size-large\"><img loading=\"lazy\" decoding=\"async\" width=\"1024\" height=\"683\" data-id=\"190\" src=\"https:\/\/umc74.com\/wp-content\/uploads\/2024\/08\/2022_festi_ppa_encanto-_20-1024x683.jpg\" alt=\"\" class=\"wp-image-190\" srcset=\"https:\/\/umc74.com\/wp-content\/uploads\/2024\/08\/2022_festi_ppa_encanto-_20-1024x683.jpg 1024w, https:\/\/umc74.com\/wp-content\/uploads\/2024\/08\/2022_festi_ppa_encanto-_20-300x200.jpg 300w, https:\/\/umc74.com\/wp-content\/uploads\/2024\/08\/2022_festi_ppa_encanto-_20-768x512.jpg 768w, https:\/\/umc74.com\/wp-content\/uploads\/2024\/08\/2022_festi_ppa_encanto-_20-1536x1024.jpg 1536w, https:\/\/umc74.com\/wp-content\/uploads\/2024\/08\/2022_festi_ppa_encanto-_20-2048x1366.jpg 2048w\" sizes=\"auto, (max-width: 1024px) 100vw, 1024px\" \/><\/figure>\n\n\n\n<figure class=\"wp-block-image size-large\"><img loading=\"lazy\" decoding=\"async\" width=\"1024\" height=\"683\" data-id=\"188\" src=\"https:\/\/umc74.com\/wp-content\/uploads\/2024\/08\/2022_festi_ppa_encanto-_22-1024x683.jpg\" alt=\"\" class=\"wp-image-188\" srcset=\"https:\/\/umc74.com\/wp-content\/uploads\/2024\/08\/2022_festi_ppa_encanto-_22-1024x683.jpg 1024w, https:\/\/umc74.com\/wp-content\/uploads\/2024\/08\/2022_festi_ppa_encanto-_22-300x200.jpg 300w, https:\/\/umc74.com\/wp-content\/uploads\/2024\/08\/2022_festi_ppa_encanto-_22-768x512.jpg 768w, https:\/\/umc74.com\/wp-content\/uploads\/2024\/08\/2022_festi_ppa_encanto-_22-1536x1024.jpg 1536w, https:\/\/umc74.com\/wp-content\/uploads\/2024\/08\/2022_festi_ppa_encanto-_22-2048x1366.jpg 2048w\" sizes=\"auto, (max-width: 1024px) 100vw, 1024px\" \/><\/figure>\n\n\n\n<figure class=\"wp-block-image size-large\"><img loading=\"lazy\" decoding=\"async\" width=\"1024\" height=\"683\" data-id=\"191\" src=\"https:\/\/umc74.com\/wp-content\/uploads\/2024\/08\/2022_festi_ppa_encanto-_27-1024x683.jpg\" alt=\"\" class=\"wp-image-191\" srcset=\"https:\/\/umc74.com\/wp-content\/uploads\/2024\/08\/2022_festi_ppa_encanto-_27-1024x683.jpg 1024w, https:\/\/umc74.com\/wp-content\/uploads\/2024\/08\/2022_festi_ppa_encanto-_27-300x200.jpg 300w, https:\/\/umc74.com\/wp-content\/uploads\/2024\/08\/2022_festi_ppa_encanto-_27-768x512.jpg 768w, https:\/\/umc74.com\/wp-content\/uploads\/2024\/08\/2022_festi_ppa_encanto-_27-1536x1024.jpg 1536w, https:\/\/umc74.com\/wp-content\/uploads\/2024\/08\/2022_festi_ppa_encanto-_27-2048x1366.jpg 2048w\" sizes=\"auto, (max-width: 1024px) 100vw, 1024px\" \/><\/figure>\n<\/figure>\n\n\n\n<figure class=\"wp-block-image size-large\"><img loading=\"lazy\" decoding=\"async\" width=\"1024\" height=\"683\" src=\"https:\/\/umc74.com\/wp-content\/uploads\/2024\/08\/52155306879_732e95d2a8_o-1024x683.jpg\" alt=\"\" class=\"wp-image-186\" srcset=\"https:\/\/umc74.com\/wp-content\/uploads\/2024\/08\/52155306879_732e95d2a8_o-1024x683.jpg 1024w, https:\/\/umc74.com\/wp-content\/uploads\/2024\/08\/52155306879_732e95d2a8_o-300x200.jpg 300w, https:\/\/umc74.com\/wp-content\/uploads\/2024\/08\/52155306879_732e95d2a8_o-768x512.jpg 768w, https:\/\/umc74.com\/wp-content\/uploads\/2024\/08\/52155306879_732e95d2a8_o-1536x1024.jpg 1536w, https:\/\/umc74.com\/wp-content\/uploads\/2024\/08\/52155306879_732e95d2a8_o.jpg 1920w\" sizes=\"auto, (max-width: 1024px) 100vw, 1024px\" \/><figcaption class=\"wp-element-caption\">Cr\u00e9dits photos : T\u00e9o Jaffre<\/figcaption><\/figure>\n\n\n\n<p><\/p>\n","protected":false},"excerpt":{"rendered":"<p>Depuis 4 ans, l&#8217;UMC se produit sur le P\u00e2quier dans le cadre du Festival International du Film d&#8217;Animation qui a lieu chaque ann\u00e9e \u00e0 Annecy. 2025 Programme musical : &#8211; [&hellip;]<\/p>\n","protected":false},"author":3,"featured_media":188,"parent":137,"menu_order":2,"comment_status":"closed","ping_status":"closed","template":"","meta":{"_EventAllDay":false,"_EventTimezone":"","_EventStartDate":"","_EventEndDate":"","_EventStartDateUTC":"","_EventEndDateUTC":"","_EventShowMap":false,"_EventShowMapLink":false,"_EventURL":"","_EventCost":"","_EventCostDescription":"","_EventCurrencySymbol":"","_EventCurrencyCode":"","_EventCurrencyPosition":"","_EventDateTimeSeparator":"","_EventTimeRangeSeparator":"","_EventOrganizerID":[],"_EventVenueID":[],"_OrganizerEmail":"","_OrganizerPhone":"","_OrganizerWebsite":"","_VenueAddress":"","_VenueCity":"","_VenueCountry":"","_VenueProvince":"","_VenueState":"","_VenueZip":"","_VenuePhone":"","_VenueURL":"","_VenueStateProvince":"","_VenueLat":"","_VenueLng":"","_VenueShowMap":false,"_VenueShowMapLink":false,"footnotes":""},"class_list":["post-167","page","type-page","status-publish","has-post-thumbnail","hentry"],"_links":{"self":[{"href":"https:\/\/umc74.com\/index.php\/wp-json\/wp\/v2\/pages\/167","targetHints":{"allow":["GET"]}}],"collection":[{"href":"https:\/\/umc74.com\/index.php\/wp-json\/wp\/v2\/pages"}],"about":[{"href":"https:\/\/umc74.com\/index.php\/wp-json\/wp\/v2\/types\/page"}],"author":[{"embeddable":true,"href":"https:\/\/umc74.com\/index.php\/wp-json\/wp\/v2\/users\/3"}],"replies":[{"embeddable":true,"href":"https:\/\/umc74.com\/index.php\/wp-json\/wp\/v2\/comments?post=167"}],"version-history":[{"count":13,"href":"https:\/\/umc74.com\/index.php\/wp-json\/wp\/v2\/pages\/167\/revisions"}],"predecessor-version":[{"id":869,"href":"https:\/\/umc74.com\/index.php\/wp-json\/wp\/v2\/pages\/167\/revisions\/869"}],"up":[{"embeddable":true,"href":"https:\/\/umc74.com\/index.php\/wp-json\/wp\/v2\/pages\/137"}],"wp:featuredmedia":[{"embeddable":true,"href":"https:\/\/umc74.com\/index.php\/wp-json\/wp\/v2\/media\/188"}],"wp:attachment":[{"href":"https:\/\/umc74.com\/index.php\/wp-json\/wp\/v2\/media?parent=167"}],"curies":[{"name":"wp","href":"https:\/\/api.w.org\/{rel}","templated":true}]}}