{"id":157,"date":"2024-08-20T13:13:33","date_gmt":"2024-08-20T11:13:33","guid":{"rendered":"https:\/\/umc74.com\/?page_id=157"},"modified":"2025-08-22T12:50:15","modified_gmt":"2025-08-22T10:50:15","slug":"journal-dune-danseuse-2017","status":"publish","type":"page","link":"https:\/\/umc74.com\/index.php\/projets\/archives\/journal-dune-danseuse-2017\/","title":{"rendered":"Journal d&#8217;une danseuse &#8211; 2017"},"content":{"rendered":"\n<p>L&#8217;Union Musicale de Cran-Gevrier et la Compagnie Annecy Ballet Junior ont propos\u00e9 un spectacle &#8220;voyage autour de la Terre&#8221;<\/p>\n\n\n\n<p><em>Repr\u00e9sentations le 13 mai et le 24 juin 2017.<\/em><\/p>\n\n\n\n<p><\/p>\n\n\n\n<p>Le spectacle a m\u00eal\u00e9 deux arts de la sc\u00e8ne : la musique et la danse. Le spectateur a plong\u00e9 dans une histoire extraordinaire qui lui a fait faire un tour de monde riche en surprise !<\/p>\n\n\n\n<p>Synopsis :<br>Un homme re\u00e7oit de sa m\u00e8re Nada, professeur de danse dans un petit quartier, un journal de voyages dans lequel elle a \u00e9crit son p\u00e9riple autour du monde de la danse afin de trouver le mouvement parfait. Il n\u2019en revient pas, sa m\u00e8re a fait une carri\u00e8re et un voyage impressionnants. \u2026Apr\u00e8s avoir d\u00e9missionn\u00e9 du Ballet de l\u2019Op\u00e9ra de Paris, elle rencontre un jeune homme, Hans, qui l\u2019accompagnera tout au long de son voyage \u2026<\/p>\n\n\n\n<figure class=\"wp-block-image aligncenter size-full is-resized\"><img loading=\"lazy\" decoding=\"async\" width=\"646\" height=\"913\" src=\"https:\/\/umc74.com\/wp-content\/uploads\/2024\/08\/Journal-d-une-danseuse-2017.jpg\" alt=\"\" class=\"wp-image-162\" style=\"width:452px;height:auto\" srcset=\"https:\/\/umc74.com\/wp-content\/uploads\/2024\/08\/Journal-d-une-danseuse-2017.jpg 646w, https:\/\/umc74.com\/wp-content\/uploads\/2024\/08\/Journal-d-une-danseuse-2017-212x300.jpg 212w\" sizes=\"auto, (max-width: 646px) 100vw, 646px\" \/><\/figure>\n\n\n\n<figure class=\"wp-block-gallery alignwide has-nested-images columns-2 is-cropped wp-block-gallery-1 is-layout-flex wp-block-gallery-is-layout-flex\">\n<figure class=\"wp-block-image size-large\"><img loading=\"lazy\" decoding=\"async\" width=\"1024\" height=\"683\" data-id=\"420\" src=\"https:\/\/umc74.com\/wp-content\/uploads\/2024\/09\/UMC-Journal-dune-danseuse-2017-Gilles-Marguerat-9-1024x683.jpg\" alt=\"\" class=\"wp-image-420\" srcset=\"https:\/\/umc74.com\/wp-content\/uploads\/2024\/09\/UMC-Journal-dune-danseuse-2017-Gilles-Marguerat-9-1024x683.jpg 1024w, https:\/\/umc74.com\/wp-content\/uploads\/2024\/09\/UMC-Journal-dune-danseuse-2017-Gilles-Marguerat-9-300x200.jpg 300w, https:\/\/umc74.com\/wp-content\/uploads\/2024\/09\/UMC-Journal-dune-danseuse-2017-Gilles-Marguerat-9-768x512.jpg 768w, https:\/\/umc74.com\/wp-content\/uploads\/2024\/09\/UMC-Journal-dune-danseuse-2017-Gilles-Marguerat-9-1536x1025.jpg 1536w, https:\/\/umc74.com\/wp-content\/uploads\/2024\/09\/UMC-Journal-dune-danseuse-2017-Gilles-Marguerat-9.jpg 2048w\" sizes=\"auto, (max-width: 1024px) 100vw, 1024px\" \/><\/figure>\n\n\n\n<figure class=\"wp-block-image size-large\"><img loading=\"lazy\" decoding=\"async\" width=\"1024\" height=\"683\" data-id=\"419\" src=\"https:\/\/umc74.com\/wp-content\/uploads\/2024\/09\/UMC-Journal-dune-danseuse-2017-Gilles-Marguerat-8-1024x683.jpg\" alt=\"\" class=\"wp-image-419\" srcset=\"https:\/\/umc74.com\/wp-content\/uploads\/2024\/09\/UMC-Journal-dune-danseuse-2017-Gilles-Marguerat-8-1024x683.jpg 1024w, https:\/\/umc74.com\/wp-content\/uploads\/2024\/09\/UMC-Journal-dune-danseuse-2017-Gilles-Marguerat-8-300x200.jpg 300w, https:\/\/umc74.com\/wp-content\/uploads\/2024\/09\/UMC-Journal-dune-danseuse-2017-Gilles-Marguerat-8-768x512.jpg 768w, https:\/\/umc74.com\/wp-content\/uploads\/2024\/09\/UMC-Journal-dune-danseuse-2017-Gilles-Marguerat-8-1536x1025.jpg 1536w, https:\/\/umc74.com\/wp-content\/uploads\/2024\/09\/UMC-Journal-dune-danseuse-2017-Gilles-Marguerat-8.jpg 2048w\" sizes=\"auto, (max-width: 1024px) 100vw, 1024px\" \/><\/figure>\n\n\n\n<figure class=\"wp-block-image size-large\"><img loading=\"lazy\" decoding=\"async\" width=\"1024\" height=\"683\" data-id=\"418\" src=\"https:\/\/umc74.com\/wp-content\/uploads\/2024\/09\/UMC-Journal-dune-danseuse-2017-Gilles-Marguerat-7-1024x683.jpg\" alt=\"\" class=\"wp-image-418\" srcset=\"https:\/\/umc74.com\/wp-content\/uploads\/2024\/09\/UMC-Journal-dune-danseuse-2017-Gilles-Marguerat-7-1024x683.jpg 1024w, https:\/\/umc74.com\/wp-content\/uploads\/2024\/09\/UMC-Journal-dune-danseuse-2017-Gilles-Marguerat-7-300x200.jpg 300w, https:\/\/umc74.com\/wp-content\/uploads\/2024\/09\/UMC-Journal-dune-danseuse-2017-Gilles-Marguerat-7-768x512.jpg 768w, https:\/\/umc74.com\/wp-content\/uploads\/2024\/09\/UMC-Journal-dune-danseuse-2017-Gilles-Marguerat-7-1536x1024.jpg 1536w, https:\/\/umc74.com\/wp-content\/uploads\/2024\/09\/UMC-Journal-dune-danseuse-2017-Gilles-Marguerat-7.jpg 2048w\" sizes=\"auto, (max-width: 1024px) 100vw, 1024px\" \/><\/figure>\n\n\n\n<figure class=\"wp-block-image size-large\"><img loading=\"lazy\" decoding=\"async\" width=\"1024\" height=\"683\" data-id=\"417\" src=\"https:\/\/umc74.com\/wp-content\/uploads\/2024\/09\/UMC-Journal-dune-danseuse-2017-Gilles-Marguerat-6-1024x683.jpg\" alt=\"\" class=\"wp-image-417\" srcset=\"https:\/\/umc74.com\/wp-content\/uploads\/2024\/09\/UMC-Journal-dune-danseuse-2017-Gilles-Marguerat-6-1024x683.jpg 1024w, https:\/\/umc74.com\/wp-content\/uploads\/2024\/09\/UMC-Journal-dune-danseuse-2017-Gilles-Marguerat-6-300x200.jpg 300w, https:\/\/umc74.com\/wp-content\/uploads\/2024\/09\/UMC-Journal-dune-danseuse-2017-Gilles-Marguerat-6-768x512.jpg 768w, https:\/\/umc74.com\/wp-content\/uploads\/2024\/09\/UMC-Journal-dune-danseuse-2017-Gilles-Marguerat-6-1536x1025.jpg 1536w, https:\/\/umc74.com\/wp-content\/uploads\/2024\/09\/UMC-Journal-dune-danseuse-2017-Gilles-Marguerat-6.jpg 2048w\" sizes=\"auto, (max-width: 1024px) 100vw, 1024px\" \/><\/figure>\n\n\n\n<figure class=\"wp-block-image size-large\"><img loading=\"lazy\" decoding=\"async\" width=\"1024\" height=\"683\" data-id=\"416\" src=\"https:\/\/umc74.com\/wp-content\/uploads\/2024\/09\/UMC-Journal-dune-danseuse-2017-Gilles-Marguerat-5-1024x683.jpg\" alt=\"\" class=\"wp-image-416\" srcset=\"https:\/\/umc74.com\/wp-content\/uploads\/2024\/09\/UMC-Journal-dune-danseuse-2017-Gilles-Marguerat-5-1024x683.jpg 1024w, https:\/\/umc74.com\/wp-content\/uploads\/2024\/09\/UMC-Journal-dune-danseuse-2017-Gilles-Marguerat-5-300x200.jpg 300w, https:\/\/umc74.com\/wp-content\/uploads\/2024\/09\/UMC-Journal-dune-danseuse-2017-Gilles-Marguerat-5-768x512.jpg 768w, https:\/\/umc74.com\/wp-content\/uploads\/2024\/09\/UMC-Journal-dune-danseuse-2017-Gilles-Marguerat-5-1536x1025.jpg 1536w, https:\/\/umc74.com\/wp-content\/uploads\/2024\/09\/UMC-Journal-dune-danseuse-2017-Gilles-Marguerat-5.jpg 2048w\" sizes=\"auto, (max-width: 1024px) 100vw, 1024px\" \/><\/figure>\n\n\n\n<figure class=\"wp-block-image size-large\"><img loading=\"lazy\" decoding=\"async\" width=\"1024\" height=\"683\" data-id=\"415\" src=\"https:\/\/umc74.com\/wp-content\/uploads\/2024\/09\/UMC-Journal-dune-danseuse-2017-Gilles-Marguerat-4-1024x683.jpg\" alt=\"\" class=\"wp-image-415\" srcset=\"https:\/\/umc74.com\/wp-content\/uploads\/2024\/09\/UMC-Journal-dune-danseuse-2017-Gilles-Marguerat-4-1024x683.jpg 1024w, https:\/\/umc74.com\/wp-content\/uploads\/2024\/09\/UMC-Journal-dune-danseuse-2017-Gilles-Marguerat-4-300x200.jpg 300w, https:\/\/umc74.com\/wp-content\/uploads\/2024\/09\/UMC-Journal-dune-danseuse-2017-Gilles-Marguerat-4-768x512.jpg 768w, https:\/\/umc74.com\/wp-content\/uploads\/2024\/09\/UMC-Journal-dune-danseuse-2017-Gilles-Marguerat-4-1536x1024.jpg 1536w, https:\/\/umc74.com\/wp-content\/uploads\/2024\/09\/UMC-Journal-dune-danseuse-2017-Gilles-Marguerat-4.jpg 2048w\" sizes=\"auto, (max-width: 1024px) 100vw, 1024px\" \/><\/figure>\n\n\n\n<figure class=\"wp-block-image size-large\"><img loading=\"lazy\" decoding=\"async\" width=\"1024\" height=\"683\" data-id=\"414\" src=\"https:\/\/umc74.com\/wp-content\/uploads\/2024\/09\/UMC-Journal-dune-danseuse-2017-Gilles-Marguerat-3-1024x683.jpg\" alt=\"\" class=\"wp-image-414\" srcset=\"https:\/\/umc74.com\/wp-content\/uploads\/2024\/09\/UMC-Journal-dune-danseuse-2017-Gilles-Marguerat-3-1024x683.jpg 1024w, https:\/\/umc74.com\/wp-content\/uploads\/2024\/09\/UMC-Journal-dune-danseuse-2017-Gilles-Marguerat-3-300x200.jpg 300w, https:\/\/umc74.com\/wp-content\/uploads\/2024\/09\/UMC-Journal-dune-danseuse-2017-Gilles-Marguerat-3-768x512.jpg 768w, https:\/\/umc74.com\/wp-content\/uploads\/2024\/09\/UMC-Journal-dune-danseuse-2017-Gilles-Marguerat-3-1536x1024.jpg 1536w, https:\/\/umc74.com\/wp-content\/uploads\/2024\/09\/UMC-Journal-dune-danseuse-2017-Gilles-Marguerat-3.jpg 2048w\" sizes=\"auto, (max-width: 1024px) 100vw, 1024px\" \/><\/figure>\n\n\n\n<figure class=\"wp-block-image size-large\"><img loading=\"lazy\" decoding=\"async\" width=\"1024\" height=\"646\" data-id=\"413\" src=\"https:\/\/umc74.com\/wp-content\/uploads\/2024\/09\/UMC-Journal-dune-danseuse-2017-Gilles-Marguerat-2-1024x646.jpg\" alt=\"\" class=\"wp-image-413\" srcset=\"https:\/\/umc74.com\/wp-content\/uploads\/2024\/09\/UMC-Journal-dune-danseuse-2017-Gilles-Marguerat-2-1024x646.jpg 1024w, https:\/\/umc74.com\/wp-content\/uploads\/2024\/09\/UMC-Journal-dune-danseuse-2017-Gilles-Marguerat-2-300x189.jpg 300w, https:\/\/umc74.com\/wp-content\/uploads\/2024\/09\/UMC-Journal-dune-danseuse-2017-Gilles-Marguerat-2-768x485.jpg 768w, https:\/\/umc74.com\/wp-content\/uploads\/2024\/09\/UMC-Journal-dune-danseuse-2017-Gilles-Marguerat-2-1536x969.jpg 1536w, https:\/\/umc74.com\/wp-content\/uploads\/2024\/09\/UMC-Journal-dune-danseuse-2017-Gilles-Marguerat-2.jpg 2048w\" sizes=\"auto, (max-width: 1024px) 100vw, 1024px\" \/><\/figure>\n\n\n\n<figure class=\"wp-block-image size-large\"><img loading=\"lazy\" decoding=\"async\" width=\"1024\" height=\"683\" data-id=\"412\" src=\"https:\/\/umc74.com\/wp-content\/uploads\/2024\/09\/UMC-Journal-dune-danseuse-2017-Gilles-Marguerat-1-1024x683.jpg\" alt=\"\" class=\"wp-image-412\" srcset=\"https:\/\/umc74.com\/wp-content\/uploads\/2024\/09\/UMC-Journal-dune-danseuse-2017-Gilles-Marguerat-1-1024x683.jpg 1024w, https:\/\/umc74.com\/wp-content\/uploads\/2024\/09\/UMC-Journal-dune-danseuse-2017-Gilles-Marguerat-1-300x200.jpg 300w, https:\/\/umc74.com\/wp-content\/uploads\/2024\/09\/UMC-Journal-dune-danseuse-2017-Gilles-Marguerat-1-768x512.jpg 768w, https:\/\/umc74.com\/wp-content\/uploads\/2024\/09\/UMC-Journal-dune-danseuse-2017-Gilles-Marguerat-1-1536x1025.jpg 1536w, https:\/\/umc74.com\/wp-content\/uploads\/2024\/09\/UMC-Journal-dune-danseuse-2017-Gilles-Marguerat-1.jpg 2048w\" sizes=\"auto, (max-width: 1024px) 100vw, 1024px\" \/><\/figure>\n<figcaption class=\"blocks-gallery-caption wp-element-caption\">Cr\u00e9dit photos : Gilles Marguerat<\/figcaption><\/figure>\n\n\n\n<p><\/p>\n","protected":false},"excerpt":{"rendered":"<p>L&#8217;Union Musicale de Cran-Gevrier et la Compagnie Annecy Ballet Junior ont propos\u00e9 un spectacle &#8220;voyage autour de la Terre&#8221; Repr\u00e9sentations le 13 mai et le 24 juin 2017. Le spectacle [&hellip;]<\/p>\n","protected":false},"author":3,"featured_media":0,"parent":155,"menu_order":0,"comment_status":"closed","ping_status":"closed","template":"","meta":{"_EventAllDay":false,"_EventTimezone":"","_EventStartDate":"","_EventEndDate":"","_EventStartDateUTC":"","_EventEndDateUTC":"","_EventShowMap":false,"_EventShowMapLink":false,"_EventURL":"","_EventCost":"","_EventCostDescription":"","_EventCurrencySymbol":"","_EventCurrencyCode":"","_EventCurrencyPosition":"","_EventDateTimeSeparator":"","_EventTimeRangeSeparator":"","_EventOrganizerID":[],"_EventVenueID":[],"_OrganizerEmail":"","_OrganizerPhone":"","_OrganizerWebsite":"","_VenueAddress":"","_VenueCity":"","_VenueCountry":"","_VenueProvince":"","_VenueState":"","_VenueZip":"","_VenuePhone":"","_VenueURL":"","_VenueStateProvince":"","_VenueLat":"","_VenueLng":"","_VenueShowMap":false,"_VenueShowMapLink":false,"footnotes":""},"class_list":["post-157","page","type-page","status-publish","hentry"],"_links":{"self":[{"href":"https:\/\/umc74.com\/index.php\/wp-json\/wp\/v2\/pages\/157","targetHints":{"allow":["GET"]}}],"collection":[{"href":"https:\/\/umc74.com\/index.php\/wp-json\/wp\/v2\/pages"}],"about":[{"href":"https:\/\/umc74.com\/index.php\/wp-json\/wp\/v2\/types\/page"}],"author":[{"embeddable":true,"href":"https:\/\/umc74.com\/index.php\/wp-json\/wp\/v2\/users\/3"}],"replies":[{"embeddable":true,"href":"https:\/\/umc74.com\/index.php\/wp-json\/wp\/v2\/comments?post=157"}],"version-history":[{"count":9,"href":"https:\/\/umc74.com\/index.php\/wp-json\/wp\/v2\/pages\/157\/revisions"}],"predecessor-version":[{"id":966,"href":"https:\/\/umc74.com\/index.php\/wp-json\/wp\/v2\/pages\/157\/revisions\/966"}],"up":[{"embeddable":true,"href":"https:\/\/umc74.com\/index.php\/wp-json\/wp\/v2\/pages\/155"}],"wp:attachment":[{"href":"https:\/\/umc74.com\/index.php\/wp-json\/wp\/v2\/media?parent=157"}],"curies":[{"name":"wp","href":"https:\/\/api.w.org\/{rel}","templated":true}]}}