{"id":153,"date":"2024-08-20T12:43:19","date_gmt":"2024-08-20T10:43:19","guid":{"rendered":"https:\/\/umc74.com\/?page_id=153"},"modified":"2026-03-26T16:58:27","modified_gmt":"2026-03-26T15:58:27","slug":"agenda","status":"publish","type":"page","link":"https:\/\/umc74.com\/index.php\/agenda\/","title":{"rendered":"Agenda"},"content":{"rendered":"\n<h2 class=\"wp-block-heading\">Saison 2025-2026<\/h2>\n\n\n\n<div class=\"wp-block-columns is-layout-flex wp-container-core-columns-is-layout-28f84493 wp-block-columns-is-layout-flex\">\n<div class=\"wp-block-column is-layout-flow wp-block-column-is-layout-flow\" style=\"flex-basis:100%\">\n<figure class=\"wp-block-table\"><table class=\"has-fixed-layout\"><tbody><tr><td class=\"has-text-align-center\" data-align=\"center\"><strong>DATE<\/strong><\/td><td class=\"has-text-align-center\" data-align=\"center\"><strong>EVENEMENT<\/strong><\/td><td class=\"has-text-align-center\" data-align=\"center\"><strong>LIEU<\/strong><\/td><td class=\"has-text-align-center\" data-align=\"center\"><strong>HORAIRES\/<\/strong><br><strong>TARIFS<\/strong><\/td><\/tr><tr><td class=\"has-text-align-center\" data-align=\"center\">20<br>septembre 2025<\/td><td class=\"has-text-align-center\" data-align=\"center\">Ev\u00e8nement au Semnoz pour une entreprise<\/td><td class=\"has-text-align-center\" data-align=\"center\">Semnoz<\/td><td class=\"has-text-align-center\" data-align=\"center\">Ev\u00e8nement priv\u00e9<\/td><\/tr><tr><td class=\"has-text-align-center\" data-align=\"center\">27 &amp; 28<br>septembre 2025<\/td><td class=\"has-text-align-center\" data-align=\"center\">F\u00eate d&#8217;Automne<\/td><td class=\"has-text-align-center\" data-align=\"center\">Place Chorus\/ La Turbine<br>Cran-Gevrier<\/td><td class=\"has-text-align-center\" data-align=\"center\">Concert dimanche 28 septembre \u00e0 11h <br>Gratuit<\/td><\/tr><tr><td class=\"has-text-align-center\" data-align=\"center\">11 novembre 2025<\/td><td class=\"has-text-align-center\" data-align=\"center\">Comm\u00e9moration<\/td><td class=\"has-text-align-center\" data-align=\"center\">Cran-Gevrier<\/td><td class=\"has-text-align-center\" data-align=\"center\">9h45 : Cimeti\u00e8re de Cran<br>10h30 : Jardin du 8 mai 1945 <br>Gratuit<\/td><\/tr><tr><td class=\"has-text-align-center\" data-align=\"center\">14 d\u00e9cembre 2025<\/td><td class=\"has-text-align-center\" data-align=\"center\">Repr\u00e9sentation Com\u00e9die musicale &#8220;La M\u00e9lodie du Bonheur&#8221;<\/td><td class=\"has-text-align-center\" data-align=\"center\">Espace du Bois aux Dames,<br>Samo\u00ebns<\/td><td class=\"has-text-align-center\" data-align=\"center\">17h<br>Payant<\/td><\/tr><tr><td class=\"has-text-align-center\" data-align=\"center\">17 &amp; 18 janvier 2026<\/td><td class=\"has-text-align-center\" data-align=\"center\">Repr\u00e9sentation Com\u00e9die musicale &#8220;La M\u00e9lodie du Bonheur&#8221;<\/td><td class=\"has-text-align-center\" data-align=\"center\">Imp\u00e9rial Palace (Annecy)<\/td><td class=\"has-text-align-center\" data-align=\"center\">17 janvier : 20h<br>18 janvier : 14h<br>Payant<\/td><\/tr><tr><td class=\"has-text-align-center\" data-align=\"center\">7 &amp; 8 mars 2026<\/td><td class=\"has-text-align-center\" data-align=\"center\">Repr\u00e9sentation Com\u00e9die musicale &#8220;La M\u00e9lodie du Bonheur&#8221;<\/td><td class=\"has-text-align-center\" data-align=\"center\">Th\u00f4nes<\/td><td class=\"has-text-align-center\" data-align=\"center\">7 mars : 20h30<br>8 mars : 16h<br><br><\/td><\/tr><tr><td class=\"has-text-align-center\" data-align=\"center\">8 mai 2026<\/td><td class=\"has-text-align-center\" data-align=\"center\">Comm\u00e9moration<\/td><td class=\"has-text-align-center\" data-align=\"center\">Meythet et Cran-Gevrier<\/td><td class=\"has-text-align-center\" data-align=\"center\"><\/td><\/tr><tr><td class=\"has-text-align-center\" data-align=\"center\">23 mai 2026<\/td><td class=\"has-text-align-center\" data-align=\"center\">Repr\u00e9sentation Com\u00e9die musicale &#8220;La M\u00e9lodie du Bonheur&#8221;<\/td><td class=\"has-text-align-center\" data-align=\"center\">Alby-sur-Ch\u00e9ran<\/td><td class=\"has-text-align-center\" data-align=\"center\">20h<br>Payant, achat en ligne sur le site d&#8217; Hello Asso <a href=\"https:\/\/www.helloasso.com\/associations\/les-secoues-du-vocal\/evenements\/la-melodie-du-bonheur-5\" data-type=\"link\" data-id=\"https:\/\/www.helloasso.com\/associations\/les-secoues-du-vocal\" target=\"_blank\" rel=\"noreferrer noopener\">\u00e0 ce lien<\/a><br>ou sur le site de la Fnac <a href=\"https:\/\/www.fnacspectacles.com\/event\/la-melodie-du-bonheur-le-pole-21446570\/\" data-type=\"link\" data-id=\"https:\/\/www.fnacspectacles.com\/artist\/la-melodie-du-bonheur\/#calendar-start=2026-01\" target=\"_blank\" rel=\"noreferrer noopener\">\u00e0 ce lien<\/a><\/td><\/tr><tr><td class=\"has-text-align-center\" data-align=\"center\">juin 2026<\/td><td class=\"has-text-align-center\" data-align=\"center\">Festival du Film d&#8217;Animation<\/td><td class=\"has-text-align-center\" data-align=\"center\">P\u00e2quier (Annecy)<\/td><td class=\"has-text-align-center\" data-align=\"center\"><\/td><\/tr><tr><td class=\"has-text-align-center\" data-align=\"center\">28\/06\/2026<\/td><td class=\"has-text-align-center\" data-align=\"center\">Festival des musiques du genevois<\/td><td class=\"has-text-align-center\" data-align=\"center\">Sevrier<\/td><td class=\"has-text-align-center\" data-align=\"center\"><a href=\"https:\/\/ohsevrier.opentalent.fr\/saison-en-cours\/les-evenements?eventId=491266&amp;cHash=627624c1b1456fdeeb0003bff86ea984\">+d&#8217;infos ici<\/a> <br>Gratuit<\/td><\/tr><\/tbody><\/table><\/figure>\n<\/div>\n<\/div>\n\n\n\n<p><\/p>\n","protected":false},"excerpt":{"rendered":"<p>Saison 2025-2026 DATE EVENEMENT LIEU HORAIRES\/TARIFS 20septembre 2025 Ev\u00e8nement au Semnoz pour une entreprise Semnoz Ev\u00e8nement priv\u00e9 27 &amp; 28septembre 2025 F\u00eate d&#8217;Automne Place Chorus\/ La TurbineCran-Gevrier Concert dimanche 28 [&hellip;]<\/p>\n","protected":false},"author":3,"featured_media":0,"parent":0,"menu_order":5,"comment_status":"closed","ping_status":"closed","template":"","meta":{"_EventAllDay":false,"_EventTimezone":"","_EventStartDate":"","_EventEndDate":"","_EventStartDateUTC":"","_EventEndDateUTC":"","_EventShowMap":false,"_EventShowMapLink":false,"_EventURL":"","_EventCost":"","_EventCostDescription":"","_EventCurrencySymbol":"","_EventCurrencyCode":"","_EventCurrencyPosition":"","_EventDateTimeSeparator":"","_EventTimeRangeSeparator":"","_EventOrganizerID":[],"_EventVenueID":[],"_OrganizerEmail":"","_OrganizerPhone":"","_OrganizerWebsite":"","_VenueAddress":"","_VenueCity":"","_VenueCountry":"","_VenueProvince":"","_VenueState":"","_VenueZip":"","_VenuePhone":"","_VenueURL":"","_VenueStateProvince":"","_VenueLat":"","_VenueLng":"","_VenueShowMap":false,"_VenueShowMapLink":false,"footnotes":""},"class_list":["post-153","page","type-page","status-publish","hentry"],"_links":{"self":[{"href":"https:\/\/umc74.com\/index.php\/wp-json\/wp\/v2\/pages\/153","targetHints":{"allow":["GET"]}}],"collection":[{"href":"https:\/\/umc74.com\/index.php\/wp-json\/wp\/v2\/pages"}],"about":[{"href":"https:\/\/umc74.com\/index.php\/wp-json\/wp\/v2\/types\/page"}],"author":[{"embeddable":true,"href":"https:\/\/umc74.com\/index.php\/wp-json\/wp\/v2\/users\/3"}],"replies":[{"embeddable":true,"href":"https:\/\/umc74.com\/index.php\/wp-json\/wp\/v2\/comments?post=153"}],"version-history":[{"count":38,"href":"https:\/\/umc74.com\/index.php\/wp-json\/wp\/v2\/pages\/153\/revisions"}],"predecessor-version":[{"id":1123,"href":"https:\/\/umc74.com\/index.php\/wp-json\/wp\/v2\/pages\/153\/revisions\/1123"}],"wp:attachment":[{"href":"https:\/\/umc74.com\/index.php\/wp-json\/wp\/v2\/media?parent=153"}],"curies":[{"name":"wp","href":"https:\/\/api.w.org\/{rel}","templated":true}]}}