{"id":141,"date":"2024-08-20T12:34:23","date_gmt":"2024-08-20T10:34:23","guid":{"rendered":"https:\/\/umc74.com\/?page_id=141"},"modified":"2025-08-20T10:26:54","modified_gmt":"2025-08-20T08:26:54","slug":"federation-musicale-du-genevois","status":"publish","type":"page","link":"https:\/\/umc74.com\/index.php\/bienvenue-sur-le-site-de-lunion-musicale-de-cran\/federation-musicale-du-genevois\/","title":{"rendered":"F\u00e9d\u00e9ration Musicale du Genevois"},"content":{"rendered":"\n<p><strong>La F\u00e9d\u00e9ration Musicale du Genevois est une f\u00e9d\u00e9ration regroupant des orchestres et \u00e9coles de musique sur le secteur du Genevois.<\/strong><\/p>\n\n\n\n<div style=\"height:15px\" aria-hidden=\"true\" class=\"wp-block-spacer\"><\/div>\n\n\n\n<p>Si elle appara\u00eet comme la plus modeste en nombre d&#8217;associations adh\u00e9rentes, elle compte la plus grande vari\u00e9t\u00e9 de types musicaux : 25 associations musicales r\u00e9parties en&nbsp;14 orchestres d&#8217;harmonie, 1 orchestres de fanfare, 1 orchestre folklorique, 1 orchestre \u00e0 plectres, 2 groupes&nbsp;vocaux, 6 \u00e9coles de musique.<\/p>\n\n\n\n<p><\/p>\n\n\n\n<p>Cr\u00e9\u00e9e \u00e0 l&#8217;initiative des responsables d&#8217;associations musicales, elle assure la coordination, l&#8217;information, l&#8217;organisation de manifestation festives ou p\u00e9dagogiques (festivals, examens, concours, stages, s\u00e9ances p\u00e9dagogiques), p\u00f4les d&#8217;int\u00e9r\u00eats de ses adh\u00e9rents.<\/p>\n\n\n\n<div style=\"height:15px\" aria-hidden=\"true\" class=\"wp-block-spacer\"><\/div>\n\n\n\n<p><strong>Pr\u00e9sidence et financement :<\/strong> Le Pr\u00e9sident de la F\u00e9d\u00e9ration est Cyrille Bourgeon, tromboniste au sein de l&#8217;Harmonie de Th\u00f4nes.<\/p>\n\n\n\n<p>Ses subsides proviennent des cotisations des soci\u00e9t\u00e9s affili\u00e9es et d&#8217;une aide du Conseil D\u00e9partemental.<\/p>\n\n\n\n<div style=\"height:15px\" aria-hidden=\"true\" class=\"wp-block-spacer\"><\/div>\n\n\n\n<p><strong>Ses projets :<\/strong> continuer \u00e0 faire progresser qualitativement et quantitativement la pratique musicale amateur et \u00e9largir son rayon d&#8217;action dans un maximum de types musicaux.<\/p>\n\n\n\n<p><\/p>\n\n\n\n<div style=\"height:42px\" aria-hidden=\"true\" class=\"wp-block-spacer\"><\/div>\n\n\n\n<div class=\"wp-block-buttons is-layout-flex wp-block-buttons-is-layout-flex\">\n<div class=\"wp-block-button\"><a class=\"wp-block-button__link wp-element-button\" href=\"https:\/\/fmgenevois.opentalent.fr\/\" target=\"_blank\" rel=\"noreferrer noopener\">Site de la F\u00e9d\u00e9ration Musicale du Genevois<\/a><\/div>\n<\/div>\n\n\n\n<div style=\"height:11px\" aria-hidden=\"true\" class=\"wp-block-spacer\"><\/div>\n\n\n\n<figure class=\"wp-block-image size-full is-resized\"><img loading=\"lazy\" decoding=\"async\" width=\"456\" height=\"209\" src=\"https:\/\/umc74.com\/wp-content\/uploads\/2024\/08\/Federation-musicale-du-genevois_fond-transparent.png\" alt=\"\" class=\"wp-image-266\" style=\"width:415px;height:auto\" srcset=\"https:\/\/umc74.com\/wp-content\/uploads\/2024\/08\/Federation-musicale-du-genevois_fond-transparent.png 456w, https:\/\/umc74.com\/wp-content\/uploads\/2024\/08\/Federation-musicale-du-genevois_fond-transparent-300x138.png 300w\" sizes=\"auto, (max-width: 456px) 100vw, 456px\" \/><\/figure>\n\n\n\n<div style=\"height:42px\" aria-hidden=\"true\" class=\"wp-block-spacer\"><\/div>\n\n\n\n<h2 class=\"wp-block-heading\">Festival des musiques <\/h2>\n\n\n\n<div style=\"height:15px\" aria-hidden=\"true\" class=\"wp-block-spacer\"><\/div>\n\n\n\n<p>Chaque ann\u00e9e, traditionnellement, a lieu le festival des musiques du Genevois.<\/p>\n\n\n\n<p>Les 14 orchestres d&#8217;harmonie se regroupent le temps d&#8217;une journ\u00e9e pour partager leur passion commune. D\u00e9fil\u00e9s th\u00e9matiques, concerts, animations&#8230;les harmonies se succ\u00e8dent les unes apr\u00e8s les autres dans une ambiance festive.<\/p>\n\n\n\n<p>Le lieu du festival change chaque ann\u00e9e, selon l&#8217;harmonie organisatrice.<\/p>\n\n\n\n<div style=\"height:23px\" aria-hidden=\"true\" class=\"wp-block-spacer\"><\/div>\n\n\n\n<figure class=\"wp-block-image size-large\"><img loading=\"lazy\" decoding=\"async\" width=\"1024\" height=\"768\" src=\"https:\/\/umc74.com\/wp-content\/uploads\/2024\/08\/festival-des-musiques-frangy2-2024-1024x768.jpg\" alt=\"\" class=\"wp-image-279\" srcset=\"https:\/\/umc74.com\/wp-content\/uploads\/2024\/08\/festival-des-musiques-frangy2-2024-1024x768.jpg 1024w, https:\/\/umc74.com\/wp-content\/uploads\/2024\/08\/festival-des-musiques-frangy2-2024-300x225.jpg 300w, https:\/\/umc74.com\/wp-content\/uploads\/2024\/08\/festival-des-musiques-frangy2-2024-768x576.jpg 768w, https:\/\/umc74.com\/wp-content\/uploads\/2024\/08\/festival-des-musiques-frangy2-2024-1536x1152.jpg 1536w, https:\/\/umc74.com\/wp-content\/uploads\/2024\/08\/festival-des-musiques-frangy2-2024.jpg 2048w\" sizes=\"auto, (max-width: 1024px) 100vw, 1024px\" \/><figcaption class=\"wp-element-caption\">Festival des musiques \u00e0 Frangy &#8211; 2024<\/figcaption><\/figure>\n\n\n\n<div style=\"height:23px\" aria-hidden=\"true\" class=\"wp-block-spacer\"><\/div>\n\n\n\n<h2 class=\"wp-block-heading\">Stages<\/h2>\n\n\n\n<div style=\"height:23px\" aria-hidden=\"true\" class=\"wp-block-spacer\"><\/div>\n\n\n\n<h2 class=\"wp-block-heading\">Le stage des jeunes<\/h2>\n\n\n\n<p>Chaque ann\u00e9e, la F\u00e9d\u00e9ration Musicale du Genevois organise un stage musical \u00e0 destination des \u00e9l\u00e8ves de 2\u00e8me cycle des soci\u00e9t\u00e9s musicales affili\u00e9es \u00e0 la Conf\u00e9d\u00e9ration Musicale de France (via la F\u00e9d\u00e9ration Musicale du Genevois). Il se d\u00e9roule la premi\u00e8re semaine des vacances d\u2019Avril et donne lieu \u00e0 un concert.<\/p>\n\n\n\n<div class=\"wp-block-group is-content-justification-center is-nowrap is-layout-flex wp-container-core-group-is-layout-23441af8 wp-block-group-is-layout-flex\">\n<figure class=\"wp-block-image size-full is-resized\"><img loading=\"lazy\" decoding=\"async\" width=\"571\" height=\"617\" src=\"https:\/\/umc74.com\/wp-content\/uploads\/2024\/08\/cmf_logo_noir-fond-transparant.png\" alt=\"\" class=\"wp-image-263\" style=\"width:107px;height:auto\" srcset=\"https:\/\/umc74.com\/wp-content\/uploads\/2024\/08\/cmf_logo_noir-fond-transparant.png 571w, https:\/\/umc74.com\/wp-content\/uploads\/2024\/08\/cmf_logo_noir-fond-transparant-278x300.png 278w\" sizes=\"auto, (max-width: 571px) 100vw, 571px\" \/><\/figure>\n\n\n\n<div class=\"wp-block-buttons is-layout-flex wp-block-buttons-is-layout-flex\">\n<div class=\"wp-block-button\"><a class=\"wp-block-button__link wp-element-button\" href=\"https:\/\/www.cmf-musique.org\/\" target=\"_blank\" rel=\"noopener\">Site de la Conf\u00e9d\u00e9ration Musicale de France<\/a><\/div>\n<\/div>\n<\/div>\n\n\n\n<p><\/p>\n\n\n\n<h2 class=\"wp-block-heading\">Le stage des adultes<\/h2>\n\n\n\n<div style=\"height:23px\" aria-hidden=\"true\" class=\"wp-block-spacer\"><\/div>\n\n\n\n<p>Initi\u00e9 en 2023, le stade \u201cadulte\u201d de La F\u00e9d\u00e9ration Musicale du Genevois a organis\u00e9 la 2\u00e8me \u00e9dition au printemps 2024 qui s\u2019est d\u00e9roul\u00e9e sur un weekend.<\/p>\n\n\n\n<p><strong>Conditions de participation :<\/strong>&nbsp;pour s\u2019inscrire il faut \u00eatre membre d\u2019une structure adh\u00e9rente \u00e0 la F\u00e9d\u00e9ration Musicale du Genevois, \u00eatre majeur et avoir au minimum 3 ans de pratique instrumentale.<\/p>\n\n\n\n<div style=\"height:23px\" aria-hidden=\"true\" class=\"wp-block-spacer\"><\/div>\n\n\n\n<figure class=\"wp-block-image\"><img loading=\"lazy\" decoding=\"async\" width=\"1024\" height=\"768\" src=\"https:\/\/umc74.com\/wp-content\/uploads\/2024\/08\/stage-adulte-FMG_2024-1024x768.jpg\" alt=\"\" class=\"wp-image-272\" srcset=\"https:\/\/umc74.com\/wp-content\/uploads\/2024\/08\/stage-adulte-FMG_2024-1024x768.jpg 1024w, https:\/\/umc74.com\/wp-content\/uploads\/2024\/08\/stage-adulte-FMG_2024-300x225.jpg 300w, https:\/\/umc74.com\/wp-content\/uploads\/2024\/08\/stage-adulte-FMG_2024-768x576.jpg 768w, https:\/\/umc74.com\/wp-content\/uploads\/2024\/08\/stage-adulte-FMG_2024-1536x1152.jpg 1536w, https:\/\/umc74.com\/wp-content\/uploads\/2024\/08\/stage-adulte-FMG_2024.jpg 2048w\" sizes=\"auto, (max-width: 1024px) 100vw, 1024px\" \/><\/figure>\n\n\n\n<p><\/p>\n","protected":false},"excerpt":{"rendered":"<p>La F\u00e9d\u00e9ration Musicale du Genevois est une f\u00e9d\u00e9ration regroupant des orchestres et \u00e9coles de musique sur le secteur du Genevois. Si elle appara\u00eet comme la plus modeste en nombre d&#8217;associations [&hellip;]<\/p>\n","protected":false},"author":3,"featured_media":0,"parent":14,"menu_order":4,"comment_status":"closed","ping_status":"closed","template":"","meta":{"_EventAllDay":false,"_EventTimezone":"","_EventStartDate":"","_EventEndDate":"","_EventStartDateUTC":"","_EventEndDateUTC":"","_EventShowMap":false,"_EventShowMapLink":false,"_EventURL":"","_EventCost":"","_EventCostDescription":"","_EventCurrencySymbol":"","_EventCurrencyCode":"","_EventCurrencyPosition":"","_EventDateTimeSeparator":"","_EventTimeRangeSeparator":"","_EventOrganizerID":[],"_EventVenueID":[],"_OrganizerEmail":"","_OrganizerPhone":"","_OrganizerWebsite":"","_VenueAddress":"","_VenueCity":"","_VenueCountry":"","_VenueProvince":"","_VenueState":"","_VenueZip":"","_VenuePhone":"","_VenueURL":"","_VenueStateProvince":"","_VenueLat":"","_VenueLng":"","_VenueShowMap":false,"_VenueShowMapLink":false,"footnotes":""},"class_list":["post-141","page","type-page","status-publish","hentry"],"_links":{"self":[{"href":"https:\/\/umc74.com\/index.php\/wp-json\/wp\/v2\/pages\/141","targetHints":{"allow":["GET"]}}],"collection":[{"href":"https:\/\/umc74.com\/index.php\/wp-json\/wp\/v2\/pages"}],"about":[{"href":"https:\/\/umc74.com\/index.php\/wp-json\/wp\/v2\/types\/page"}],"author":[{"embeddable":true,"href":"https:\/\/umc74.com\/index.php\/wp-json\/wp\/v2\/users\/3"}],"replies":[{"embeddable":true,"href":"https:\/\/umc74.com\/index.php\/wp-json\/wp\/v2\/comments?post=141"}],"version-history":[{"count":17,"href":"https:\/\/umc74.com\/index.php\/wp-json\/wp\/v2\/pages\/141\/revisions"}],"predecessor-version":[{"id":940,"href":"https:\/\/umc74.com\/index.php\/wp-json\/wp\/v2\/pages\/141\/revisions\/940"}],"up":[{"embeddable":true,"href":"https:\/\/umc74.com\/index.php\/wp-json\/wp\/v2\/pages\/14"}],"wp:attachment":[{"href":"https:\/\/umc74.com\/index.php\/wp-json\/wp\/v2\/media?parent=141"}],"curies":[{"name":"wp","href":"https:\/\/api.w.org\/{rel}","templated":true}]}}