{"id":14,"date":"2024-06-30T18:21:15","date_gmt":"2024-06-30T16:21:15","guid":{"rendered":"http:\/\/umc74.com\/?page_id=14"},"modified":"2026-03-26T17:00:07","modified_gmt":"2026-03-26T16:00:07","slug":"bienvenue-sur-le-site-de-lunion-musicale-de-cran","status":"publish","type":"page","link":"https:\/\/umc74.com\/","title":{"rendered":"Union Musicale de Cran-Gevrier"},"content":{"rendered":"\n<h2 class=\"wp-block-heading\">Bienvenue<\/h2>\n\n\n\n<div class=\"wp-block-columns alignwide is-layout-flex wp-container-core-columns-is-layout-28f84493 wp-block-columns-is-layout-flex\">\n<div class=\"wp-block-column is-layout-flow wp-block-column-is-layout-flow\" style=\"flex-basis:33.34%\">\n<figure class=\"wp-block-image size-large\"><img loading=\"lazy\" decoding=\"async\" width=\"732\" height=\"1024\" src=\"https:\/\/umc74.com\/wp-content\/uploads\/2026\/03\/2026-la-melodie-du-bonheur_Affiche_Alby-sur-Cheran_A4-732x1024.jpg\" alt=\"\" class=\"wp-image-1119\" srcset=\"https:\/\/umc74.com\/wp-content\/uploads\/2026\/03\/2026-la-melodie-du-bonheur_Affiche_Alby-sur-Cheran_A4-732x1024.jpg 732w, https:\/\/umc74.com\/wp-content\/uploads\/2026\/03\/2026-la-melodie-du-bonheur_Affiche_Alby-sur-Cheran_A4-214x300.jpg 214w, https:\/\/umc74.com\/wp-content\/uploads\/2026\/03\/2026-la-melodie-du-bonheur_Affiche_Alby-sur-Cheran_A4-768x1075.jpg 768w, https:\/\/umc74.com\/wp-content\/uploads\/2026\/03\/2026-la-melodie-du-bonheur_Affiche_Alby-sur-Cheran_A4.jpg 926w\" sizes=\"auto, (max-width: 732px) 100vw, 732px\" \/><\/figure>\n<\/div>\n\n\n\n<div class=\"wp-block-column is-layout-flow wp-block-column-is-layout-flow\" style=\"flex-basis:33.34%\">\n<p><strong>La prochaine repr\u00e9sentation de notre spectacle<\/strong> avec <a href=\"https:\/\/secouesduvocal.fr\/\" data-type=\"link\" data-id=\"https:\/\/secouesduvocal.fr\/\" target=\"_blank\" rel=\"noreferrer noopener\">Les Secou\u00e9s du Vocal<\/a> aura lieu le <strong>samedi 23 mai mars 2026 \u00e0 Alby-sur-Ch\u00e9ran<\/strong>, au profit de l&#8217;association <a href=\"https:\/\/www.arsla.org\/\" data-type=\"link\" data-id=\"https:\/\/chezdaddy.fr\/chez-daddy-thones\/\" target=\"_blank\" rel=\"noreferrer noopener\">ARSLA<\/a> qui lutte contre la maladie de Charcot.<\/p>\n\n\n\n<p><strong>\u27a1\ufe0f<\/strong> <strong>Les billets<\/strong> sont d&#8217;ores et d\u00e9j\u00e0 disponibles en vente <\/p>\n\n\n\n<p><\/p>\n\n\n\n<p><\/p>\n<\/div>\n\n\n\n<div class=\"wp-block-column is-layout-flow wp-block-column-is-layout-flow\" style=\"flex-basis:33.33%\">\n<p>\ud83d\udd35\u00e0 la <strong>FNAC<\/strong>  : <\/p>\n\n\n\n<p>\u25cfle samedi : <a href=\"https:\/\/www.fnacspectacles.com\/event\/la-melodie-du-bonheur-le-pole-21446570\/\" data-type=\"link\" data-id=\"https:\/\/www.helloasso.com\/associations\/les-secoues-du-vocal\/evenements\/la-melodie-du-bonheur-1\" target=\"_blank\" rel=\"noreferrer noopener\">\u00e0 ce lien <\/a><\/p>\n\n\n\n<p><\/p>\n\n\n\n<p>\ud83d\udd35sur le site de <strong>hello asso<\/strong> : <\/p>\n\n\n\n<p>\u25cfle samedi : <a href=\"https:\/\/www.helloasso.com\/associations\/les-secoues-du-vocal\/evenements\/la-melodie-du-bonheur-5\" data-type=\"link\" data-id=\"https:\/\/www.helloasso.com\/associations\/les-secoues-du-vocal\/evenements\/la-melodie-du-bonheur-1\" target=\"_blank\" rel=\"noreferrer noopener\">\u00e0 ce lien <\/a><\/p>\n\n\n\n<p><\/p>\n\n\n\n<p><\/p>\n<\/div>\n<\/div>\n\n\n\n<p><\/p>\n\n\n\n<div style=\"height:8px\" aria-hidden=\"true\" class=\"wp-block-spacer\"><\/div>\n\n\n\n<div class=\"wp-block-columns are-vertically-aligned-bottom is-layout-flex wp-container-core-columns-is-layout-28f84493 wp-block-columns-is-layout-flex\">\n<div class=\"wp-block-column is-vertically-aligned-bottom is-layout-flow wp-block-column-is-layout-flow\" style=\"flex-basis:100%\">\n<div class=\"wp-block-group is-nowrap is-layout-flex wp-container-core-group-is-layout-6c531013 wp-block-group-is-layout-flex\">\n<h2 class=\"wp-block-heading\">Derni\u00e8res actualit\u00e9s<\/h2>\n\n\n\n<p><\/p>\n<\/div>\n<\/div>\n<\/div>\n\n\n<ul class=\"wp-block-latest-posts__list wp-block-latest-posts\"><li><a class=\"wp-block-latest-posts__post-title\" href=\"https:\/\/umc74.com\/index.php\/2025\/12\/03\/echange-musical-avec-la-vallee-daoste\/\">Echange musical avec la Vall\u00e9e d&#8217;Aoste<\/a><\/li>\n<li><a class=\"wp-block-latest-posts__post-title\" href=\"https:\/\/umc74.com\/index.php\/2025\/10\/30\/voyage-en-italie\/\">Voyage en Italie<\/a><\/li>\n<li><a class=\"wp-block-latest-posts__post-title\" href=\"https:\/\/umc74.com\/index.php\/2025\/09\/26\/projet-comedie-musicale-la-melodie-du-bonheur\/\">Projet com\u00e9die musicale : la m\u00e9lodie du bonheur<\/a><\/li>\n<li><a class=\"wp-block-latest-posts__post-title\" href=\"https:\/\/umc74.com\/index.php\/2025\/08\/22\/rentree-musicale-2025-2026\/\">Rentr\u00e9e musicale 2025-2026<\/a><\/li>\n<li><a class=\"wp-block-latest-posts__post-title\" href=\"https:\/\/umc74.com\/index.php\/2025\/06\/09\/j-15-festival-du-film-danimation\/\">J-15 Festival du Film d&#8217;Animation<\/a><\/li>\n<\/ul>\n\n\n<div style=\"height:14px\" aria-hidden=\"true\" class=\"wp-block-spacer\"><\/div>\n\n\n\n<h3 class=\"wp-block-heading\">Informations pratiques<\/h3>\n\n\n\n<div style=\"height:8px\" aria-hidden=\"true\" class=\"wp-block-spacer\"><\/div>\n\n\n\n<p>Les r\u00e9p\u00e9titions ont lieu tous les vendredis soirs de 20h30 \u00e0 22h30 \u00e0 l&#8217;espace des Forges de Cran-Gevrier<\/p>\n\n\n\n<p>Adresse : 72 avenue de la R\u00e9publique, Cran-Gevrier 74960 ANNECY<\/p>\n\n\n\n<p>T\u00e9l\u00e9phone : <a href=\"tel:06 33 51 13 10\">06 08 62 10 82<\/a><\/p>\n\n\n\n<p>m\u00e9l : webmaster@umc74.com<\/p>\n\n\n\n<ul class=\"wp-block-social-links is-layout-flex wp-block-social-links-is-layout-flex\"><\/ul>\n\n\n\n<ul class=\"wp-block-social-links has-icon-color has-icon-background-color is-layout-flex wp-block-social-links-is-layout-flex\"><li style=\"color:#ffffff;background-color:#3962e3;\" class=\"wp-social-link wp-social-link-mail  wp-block-social-link\"><a href=\"mailto:#w&#101;&#098;&#109;a&#115;&#116;e&#114;&#064;&#117;mc&#055;&#052;.c&#111;m\" class=\"wp-block-social-link-anchor\"><svg width=\"24\" height=\"24\" viewBox=\"0 0 24 24\" version=\"1.1\" xmlns=\"http:\/\/www.w3.org\/2000\/svg\" aria-hidden=\"true\" focusable=\"false\"><path d=\"M19,5H5c-1.1,0-2,.9-2,2v10c0,1.1.9,2,2,2h14c1.1,0,2-.9,2-2V7c0-1.1-.9-2-2-2zm.5,12c0,.3-.2.5-.5.5H5c-.3,0-.5-.2-.5-.5V9.8l7.5,5.6,7.5-5.6V17zm0-9.1L12,13.6,4.5,7.9V7c0-.3.2-.5.5-.5h14c.3,0,.5.2.5.5v.9z\"><\/path><\/svg><span class=\"wp-block-social-link-label screen-reader-text\">E-mail<\/span><\/a><\/li>\n\n<li style=\"color:#ffffff;background-color:#3962e3;\" class=\"wp-social-link wp-social-link-facebook  wp-block-social-link\"><a href=\"https:\/\/www.facebook.com\/HarmonieAnnecyUMC74\" class=\"wp-block-social-link-anchor\"><svg width=\"24\" height=\"24\" viewBox=\"0 0 24 24\" version=\"1.1\" xmlns=\"http:\/\/www.w3.org\/2000\/svg\" aria-hidden=\"true\" focusable=\"false\"><path d=\"M12 2C6.5 2 2 6.5 2 12c0 5 3.7 9.1 8.4 9.9v-7H7.9V12h2.5V9.8c0-2.5 1.5-3.9 3.8-3.9 1.1 0 2.2.2 2.2.2v2.5h-1.3c-1.2 0-1.6.8-1.6 1.6V12h2.8l-.4 2.9h-2.3v7C18.3 21.1 22 17 22 12c0-5.5-4.5-10-10-10z\"><\/path><\/svg><span class=\"wp-block-social-link-label screen-reader-text\">Facebook<\/span><\/a><\/li><\/ul>\n\n\n\n<div class=\"wp-block-group alignfull is-layout-constrained wp-block-group-is-layout-constrained\"><\/div>\n\n\n\n\t\t\t<form id=\"sib_signup_form_1\" method=\"post\" class=\"sib_signup_form\">\n\t\t\t\t<div class=\"sib_loader\" style=\"display:none;\"><img\n\t\t\t\t\t\t\tsrc=\"https:\/\/umc74.com\/wp-includes\/images\/spinner.gif\" alt=\"loader\"><\/div>\n\t\t\t\t<input type=\"hidden\" name=\"sib_form_action\" value=\"subscribe_form_submit\">\n\t\t\t\t<input type=\"hidden\" name=\"sib_form_id\" value=\"1\">\n                <input type=\"hidden\" name=\"sib_form_alert_notice\" value=\"Imp\u00e9ratif : compl\u00e9tez ce champ du formulaire.\">\n                <input type=\"hidden\" name=\"sib_form_invalid_email_notice\" value=\"Adresse m\u00e9l invalide\">\n                <input type=\"hidden\" name=\"sib_security\" value=\"f4aeb4743b\">\n\t\t\t\t<div class=\"sib_signup_box_inside_1\">\n\t\t\t\t\t<div style=\"\/*display:none*\/\" class=\"sib_msg_disp\">\n\t\t\t\t\t<\/div>\n                    \t\t\t\t\t<img loading=\"lazy\" decoding=\"async\" src=\"https:\/\/umc74.com\/wp-content\/uploads\/2024\/08\/logo-UMC2-291x300.png\" alt=\"\" width=\"146\" height=\"150\" class=\"alignnone size-medium wp-image-261\" srcset=\"https:\/\/umc74.com\/wp-content\/uploads\/2024\/08\/logo-UMC2-291x300.png 291w, https:\/\/umc74.com\/wp-content\/uploads\/2024\/08\/logo-UMC2-992x1024.png 992w, https:\/\/umc74.com\/wp-content\/uploads\/2024\/08\/logo-UMC2-768x793.png 768w, https:\/\/umc74.com\/wp-content\/uploads\/2024\/08\/logo-UMC2-1488x1536.png 1488w, https:\/\/umc74.com\/wp-content\/uploads\/2024\/08\/logo-UMC2-1985x2048.png 1985w\" sizes=\"auto, (max-width: 146px) 100vw, 146px\" \/>\r\nSouscrire \u00e0 notre lettre d'information pour suivre nos activit\u00e9s\r\n<p class=\"sib-NOM-area\"> \r\n    <label class=\"sib-NOM-area\">NOM<\/label> \r\n    <input type=\"text\" class=\"sib-NOM-area\" name=\"NOM\"> \r\n<\/p>\r\n<div id=\"sib_captcha\" class=\"g-recaptcha\" data-sitekey=\"SiteKeySecrete\"><\/div>\r\n<p class=\"sib-PRENOM-area\"> \r\n    <label class=\"sib-PRENOM-area\">PRENOM*<\/label> \r\n    <input type=\"text\" class=\"sib-PRENOM-area\" name=\"PRENOM\" required=\"required\"> \r\n\r\n<\/p>\r\n<p class=\"sib-email-area\">\r\n    Adresse m\u00e9l*\r\n    <input type=\"email\" class=\"sib-email-area\" name=\"email\" required=\"required\">\r\n<\/p>\r\n  \r\n<p>\r\n    <input type=\"submit\" class=\"sib-default-btn\" value=\"Souscrire\">\r\n<\/p>\r\n\t\t\t\t<\/div>\n\t\t\t<\/form>\n\t\t\t<style>\n\t\t\t\tform#sib_signup_form_1 p.sib-alert-message {\n    padding: 6px 12px;\n    margin-bottom: 20px;\n    border: 1px solid transparent;\n    border-radius: 4px;\n    -webkit-box-sizing: border-box;\n    -moz-box-sizing: border-box;\n    box-sizing: border-box;\n}\nform#sib_signup_form_1 p.sib-alert-message-error {\n    background-color: #f2dede;\n    border-color: #ebccd1;\n    color: #a94442;\n}\nform#sib_signup_form_1 p.sib-alert-message-success {\n    background-color: #dff0d8;\n    border-color: #d6e9c6;\n    color: #3c763d;\n}\nform#sib_signup_form_1 p.sib-alert-message-warning {\n    background-color: #fcf8e3;\n    border-color: #faebcc;\n    color: #8a6d3b;\n}\n\t\t\t<\/style>\n\t\t\t\n","protected":false},"excerpt":{"rendered":"<p>Bienvenue La prochaine repr\u00e9sentation de notre spectacle avec Les Secou\u00e9s du Vocal aura lieu le samedi 23 mai mars 2026 \u00e0 Alby-sur-Ch\u00e9ran, au profit de l&#8217;association ARSLA qui lutte contre [&hellip;]<\/p>\n","protected":false},"author":2,"featured_media":953,"parent":0,"menu_order":1,"comment_status":"closed","ping_status":"closed","template":"","meta":{"_EventAllDay":false,"_EventTimezone":"","_EventStartDate":"","_EventEndDate":"","_EventStartDateUTC":"","_EventEndDateUTC":"","_EventShowMap":false,"_EventShowMapLink":false,"_EventURL":"","_EventCost":"","_EventCostDescription":"","_EventCurrencySymbol":"","_EventCurrencyCode":"","_EventCurrencyPosition":"","_EventDateTimeSeparator":"","_EventTimeRangeSeparator":"","_EventOrganizerID":[],"_EventVenueID":[],"_OrganizerEmail":"","_OrganizerPhone":"","_OrganizerWebsite":"","_VenueAddress":"","_VenueCity":"","_VenueCountry":"","_VenueProvince":"","_VenueState":"","_VenueZip":"","_VenuePhone":"","_VenueURL":"","_VenueStateProvince":"","_VenueLat":"","_VenueLng":"","_VenueShowMap":false,"_VenueShowMapLink":false,"footnotes":""},"class_list":["post-14","page","type-page","status-publish","has-post-thumbnail","hentry"],"_links":{"self":[{"href":"https:\/\/umc74.com\/index.php\/wp-json\/wp\/v2\/pages\/14","targetHints":{"allow":["GET"]}}],"collection":[{"href":"https:\/\/umc74.com\/index.php\/wp-json\/wp\/v2\/pages"}],"about":[{"href":"https:\/\/umc74.com\/index.php\/wp-json\/wp\/v2\/types\/page"}],"author":[{"embeddable":true,"href":"https:\/\/umc74.com\/index.php\/wp-json\/wp\/v2\/users\/2"}],"replies":[{"embeddable":true,"href":"https:\/\/umc74.com\/index.php\/wp-json\/wp\/v2\/comments?post=14"}],"version-history":[{"count":75,"href":"https:\/\/umc74.com\/index.php\/wp-json\/wp\/v2\/pages\/14\/revisions"}],"predecessor-version":[{"id":1126,"href":"https:\/\/umc74.com\/index.php\/wp-json\/wp\/v2\/pages\/14\/revisions\/1126"}],"wp:featuredmedia":[{"embeddable":true,"href":"https:\/\/umc74.com\/index.php\/wp-json\/wp\/v2\/media\/953"}],"wp:attachment":[{"href":"https:\/\/umc74.com\/index.php\/wp-json\/wp\/v2\/media?parent=14"}],"curies":[{"name":"wp","href":"https:\/\/api.w.org\/{rel}","templated":true}]}}